{"id":8479,"date":"2025-11-21T04:26:12","date_gmt":"2025-11-21T02:26:12","guid":{"rendered":"https:\/\/shop.plomariplatinum.com\/?post_type=product&#038;p=8479"},"modified":"2026-05-06T05:14:18","modified_gmt":"2026-05-06T03:14:18","slug":"plomari-platinum-natural-green-olives","status":"publish","type":"product","link":"https:\/\/shop.plomariplatinum.com\/sv\/produkt\/plomari-platinum-natural-green-olives\/","title":{"rendered":"Plomari Platinum Naturliga Gr\u00f6na Oliver 200gr"},"content":{"rendered":"<div class=\"evoo-description\">\n<p class=\"lede\">Plomari Platinum Natural Green Olives \u00e4r samma oliver som ger oss Plomari Platinum-olivoljorna. Oliverna behandlas endast med saltlake av havssalt och f\u00e5r j\u00e4sa naturligt i mer \u00e4n sex m\u00e5nader. J\u00e4sningsprocessen kontrolleras med j\u00e4mna mellanrum f\u00f6r att s\u00e4kerst\u00e4lla att processen fortskrider p\u00e5 r\u00e4tt s\u00e4tt. N\u00e4r j\u00e4sningen \u00e4r klar sk\u00f6ljs oliverna och f\u00f6rpackas i ny saltlake toppad med Plomari Platinum olivolja. Inga tillsatser eller konserveringsmedel anv\u00e4nds vid bearbetningen. De har en unik balanserad smak som g\u00f6r dem till ett perfekt mellanm\u00e5l.<\/p>\n<ul class=\"badges\">\n<li>naturligt bryggd i saltlake av havssalt<\/li>\n<li>gr\u00f6n-brun f\u00e4rg<\/li>\n<li>inga tillsatser<\/li>\n<\/ul>\n<details>\n<summary><strong>Smakprofil<\/strong><\/summary>\n<p>Plomari Platinum Natural Green Olives har en balanserad, s\u00f6t och oljig smak med fruktiga toner.<\/p>\n<\/details>\n<details>\n<summary><strong>Ursprung &amp; odlingar<\/strong><\/summary>\n<dl>\n<dt>Land \/ Region<\/dt>\n<dd>Grekland - Lesvos (stora Plomari-regionen)<\/dd>\n<dt>Kultivarer<\/dt>\n<dd>Kolovi, Adramitiani<\/dd>\n<dt>Sk\u00f6rd<\/dt>\n<dd>November - december<\/dd>\n<dt>Metod<\/dt>\n<dd>Handplockad, naturligt bryggd i saltlake fr\u00e5n havssalt<\/dd>\n<\/dl>\n<\/details>\n<details>\n<summary><strong>Hur man njuter<\/strong><\/summary>\n<ul>\n<li>Som mellanm\u00e5l.<\/li>\n<li>I sallader.<\/li>\n<li>Med feteost.<\/li>\n<li>I kallskuret och ostplattor<\/li>\n<\/ul>\n<\/details>\n<details>\n<summary><strong>Parning<\/strong><\/summary>\n<ul class=\"pairings\">\n<li>Br\u00f6d &amp; antipasti<\/li>\n<li>Sallader &amp; r\u00e5a gr\u00f6nsaker<\/li>\n<li>Fetaost, gravieraost<\/li>\n<\/ul>\n<\/details>\n<details>\n<summary><strong>F\u00f6rvaring &amp; h\u00e5llbarhetstid<\/strong><\/summary>\n<p>F\u00f6rvaras t\u00e4tt tillsluten p\u00e5 en sval, m\u00f6rk plats (12-16\u00b0C). H\u00e5lls borta fr\u00e5n v\u00e4rme och ljus.<br \/>\nB\u00e4st f\u00f6re: 18 m\u00e5nader efter produktion. F\u00f6r b\u00e4sta f\u00f6rvaring, f\u00f6rvara i kylsk\u00e5p efter \u00f6ppning. Avnjut inom 1 m\u00e5nad efter \u00f6ppnandet.<\/p>\n<\/details>\n<section class=\"shipping-returns translation-block\"><span style=\"font-size: 16px\"><strong>Shipping &amp; Returns:<\/strong> Snabb leverans till EU-l\u00e4nder fr\u00e5n v\u00e5ra EU-lager. F\u00f6r l\u00e4nder utanf\u00f6r EU, v\u00e4nligen kontakta oss via e-post med detaljer.<\/span><\/section>\n<\/div>","protected":false},"excerpt":{"rendered":"<p>Plomari Platinum Natural Green Olives \u00e4r precis samma oliver som ger oss Plomari Platinum-olivoljorna. Oliverna behandlas endast med saltlake av havssalt och f\u00e5r j\u00e4sa naturligt i mer \u00e4n sex m\u00e5nader. Inga tillsatser eller konserveringsmedel anv\u00e4nds f\u00f6r bearbetningen. De har en unik balanserad smak som g\u00f6r dem till ett perfekt mellanm\u00e5l.<\/p>","protected":false},"featured_media":8504,"template":"","meta":{"_uag_custom_page_level_css":"","site-sidebar-layout":"default","site-content-layout":"","ast-site-content-layout":"default","site-content-style":"default","site-sidebar-style":"default","ast-global-header-display":"","ast-banner-title-visibility":"","ast-main-header-display":"","ast-hfb-above-header-display":"","ast-hfb-below-header-display":"","ast-hfb-mobile-header-display":"","site-post-title":"","ast-breadcrumbs-content":"","ast-featured-img":"","footer-sml-layout":"","ast-disable-related-posts":"","theme-transparent-header-meta":"default","adv-header-id-meta":"","stick-header-meta":"default","header-above-stick-meta":"","header-main-stick-meta":"","header-below-stick-meta":"","astra-migrate-meta-layouts":"set","ast-page-background-enabled":"default","ast-page-background-meta":{"desktop":{"background-color":"","background-image":"","background-repeat":"repeat","background-position":"center center","background-size":"auto","background-attachment":"scroll","background-type":"","background-media":"","overlay-type":"","overlay-color":"","overlay-opacity":"","overlay-gradient":""},"tablet":{"background-color":"","background-image":"","background-repeat":"repeat","background-position":"center center","background-size":"auto","background-attachment":"scroll","background-type":"","background-media":"","overlay-type":"","overlay-color":"","overlay-opacity":"","overlay-gradient":""},"mobile":{"background-color":"","background-image":"","background-repeat":"repeat","background-position":"center center","background-size":"auto","background-attachment":"scroll","background-type":"","background-media":"","overlay-type":"","overlay-color":"","overlay-opacity":"","overlay-gradient":""}},"ast-content-background-meta":{"desktop":{"background-color":"var(--ast-global-color-5)","background-image":"","background-repeat":"repeat","background-position":"center center","background-size":"auto","background-attachment":"scroll","background-type":"","background-media":"","overlay-type":"","overlay-color":"","overlay-opacity":"","overlay-gradient":""},"tablet":{"background-color":"var(--ast-global-color-5)","background-image":"","background-repeat":"repeat","background-position":"center center","background-size":"auto","background-attachment":"scroll","background-type":"","background-media":"","overlay-type":"","overlay-color":"","overlay-opacity":"","overlay-gradient":""},"mobile":{"background-color":"var(--ast-global-color-5)","background-image":"","background-repeat":"repeat","background-position":"center center","background-size":"auto","background-attachment":"scroll","background-type":"","background-media":"","overlay-type":"","overlay-color":"","overlay-opacity":"","overlay-gradient":""}}},"product_brand":[],"product_cat":[78],"product_tag":[],"class_list":{"0":"post-8479","1":"product","2":"type-product","3":"status-publish","4":"has-post-thumbnail","6":"product_cat-olives","7":"desktop-align-left","8":"tablet-align-left","9":"mobile-align-left","11":"first","12":"instock","13":"taxable","14":"shipping-taxable","15":"purchasable","16":"product-type-simple"},"shsp-ext":{"main":{},"variations":[]},"yoast_head":"<!-- This site is optimized with the Yoast SEO plugin v27.6 - https:\/\/yoast.com\/product\/yoast-seo-wordpress\/ -->\n<title>Plomari Platinum Natural Green Olives 200gr - PLOMARI PLATINUM STORE | BUY ONLINE HIGH POLYPHENOL EXTRA VIRGIN OLIVE OIL<\/title>\n<meta name=\"description\" content=\"Plomari Platinum natural green olives without additives, from kolovi &amp; adramitiani varieties, tasty for snack, cheese, cold cuts, salads\" \/>\n<meta name=\"robots\" content=\"index, follow, max-snippet:-1, max-image-preview:large, max-video-preview:-1\" \/>\n<link rel=\"canonical\" href=\"https:\/\/shop.plomariplatinum.com\/sv\/produkt\/plomari-platinum-natural-green-olives\/\" \/>\n<meta property=\"og:locale\" content=\"sv_SE\" \/>\n<meta property=\"og:type\" content=\"article\" \/>\n<meta property=\"og:title\" content=\"Plomari Platinum Natural Green Olives 200gr - PLOMARI PLATINUM STORE | BUY ONLINE HIGH POLYPHENOL EXTRA VIRGIN OLIVE OIL\" \/>\n<meta property=\"og:description\" content=\"Plomari Platinum natural green olives without additives, from kolovi &amp; adramitiani varieties, tasty for snack, cheese, cold cuts, salads\" \/>\n<meta property=\"og:url\" content=\"https:\/\/shop.plomariplatinum.com\/sv\/produkt\/plomari-platinum-natural-green-olives\/\" \/>\n<meta property=\"og:site_name\" content=\"PLOMARI PLATINUM STORE | BUY ONLINE HIGH POLYPHENOL EXTRA VIRGIN OLIVE OIL\" \/>\n<meta property=\"article:publisher\" content=\"https:\/\/www.facebook.com\/plomariplatinum\" \/>\n<meta property=\"article:modified_time\" content=\"2026-05-06T03:14:18+00:00\" \/>\n<meta property=\"og:image\" content=\"https:\/\/shop.plomariplatinum.com\/wp-content\/uploads\/2025\/11\/PlomariPlatinum-Natural-Green-Olives-200gr-1000x1000px.png\" \/>\n\t<meta property=\"og:image:width\" content=\"1000\" \/>\n\t<meta property=\"og:image:height\" content=\"1000\" \/>\n\t<meta property=\"og:image:type\" content=\"image\/png\" \/>\n<meta name=\"twitter:card\" content=\"summary_large_image\" \/>\n<meta name=\"twitter:label1\" content=\"Ber\u00e4knad l\u00e4stid\" \/>\n\t<meta name=\"twitter:data1\" content=\"2 minuter\" \/>\n<script type=\"application\/ld+json\" class=\"yoast-schema-graph\">{\"@context\":\"https:\\\/\\\/schema.org\",\"@graph\":[{\"@type\":\"WebPage\",\"@id\":\"https:\\\/\\\/shop.plomariplatinum.com\\\/product\\\/plomari-platinum-natural-green-olives\\\/\",\"url\":\"https:\\\/\\\/shop.plomariplatinum.com\\\/product\\\/plomari-platinum-natural-green-olives\\\/\",\"name\":\"Plomari Platinum Natural Green Olives 200gr - PLOMARI PLATINUM STORE | BUY ONLINE HIGH POLYPHENOL EXTRA VIRGIN OLIVE OIL\",\"isPartOf\":{\"@id\":\"https:\\\/\\\/shop.plomariplatinum.com\\\/#website\"},\"primaryImageOfPage\":{\"@id\":\"https:\\\/\\\/shop.plomariplatinum.com\\\/product\\\/plomari-platinum-natural-green-olives\\\/#primaryimage\"},\"image\":{\"@id\":\"https:\\\/\\\/shop.plomariplatinum.com\\\/product\\\/plomari-platinum-natural-green-olives\\\/#primaryimage\"},\"thumbnailUrl\":\"https:\\\/\\\/shop.plomariplatinum.com\\\/wp-content\\\/uploads\\\/2025\\\/11\\\/PlomariPlatinum-Natural-Green-Olives-200gr-1000x1000px.png\",\"datePublished\":\"2025-11-21T02:26:12+00:00\",\"dateModified\":\"2026-05-06T03:14:18+00:00\",\"description\":\"Plomari Platinum natural green olives without additives, from kolovi & adramitiani varieties, tasty for snack, cheese, cold cuts, salads\",\"breadcrumb\":{\"@id\":\"https:\\\/\\\/shop.plomariplatinum.com\\\/product\\\/plomari-platinum-natural-green-olives\\\/#breadcrumb\"},\"inLanguage\":\"sv-SE\",\"potentialAction\":[{\"@type\":\"ReadAction\",\"target\":[\"https:\\\/\\\/shop.plomariplatinum.com\\\/product\\\/plomari-platinum-natural-green-olives\\\/\"]}]},{\"@type\":\"ImageObject\",\"inLanguage\":\"sv-SE\",\"@id\":\"https:\\\/\\\/shop.plomariplatinum.com\\\/product\\\/plomari-platinum-natural-green-olives\\\/#primaryimage\",\"url\":\"https:\\\/\\\/shop.plomariplatinum.com\\\/wp-content\\\/uploads\\\/2025\\\/11\\\/PlomariPlatinum-Natural-Green-Olives-200gr-1000x1000px.png\",\"contentUrl\":\"https:\\\/\\\/shop.plomariplatinum.com\\\/wp-content\\\/uploads\\\/2025\\\/11\\\/PlomariPlatinum-Natural-Green-Olives-200gr-1000x1000px.png\",\"width\":1000,\"height\":1000,\"caption\":\"Plomari-Platinum-Natural-Green-Olives-Quality-Table-Olives\"},{\"@type\":\"BreadcrumbList\",\"@id\":\"https:\\\/\\\/shop.plomariplatinum.com\\\/product\\\/plomari-platinum-natural-green-olives\\\/#breadcrumb\",\"itemListElement\":[{\"@type\":\"ListItem\",\"position\":1,\"name\":\"Home\",\"item\":\"https:\\\/\\\/shop.plomariplatinum.com\\\/\"},{\"@type\":\"ListItem\",\"position\":2,\"name\":\"Shop\",\"item\":\"https:\\\/\\\/shop.plomariplatinum.com\\\/\"},{\"@type\":\"ListItem\",\"position\":3,\"name\":\"Plomari Platinum Natural Green Olives 200gr\"}]},{\"@type\":\"WebSite\",\"@id\":\"https:\\\/\\\/shop.plomariplatinum.com\\\/#website\",\"url\":\"https:\\\/\\\/shop.plomariplatinum.com\\\/\",\"name\":\"PLOMARI PLATINUM STORE - BUY BEST OLIVE OIL ONLINE\",\"description\":\"Shop online award-winning early harvest olive oil\",\"publisher\":{\"@id\":\"https:\\\/\\\/shop.plomariplatinum.com\\\/#organization\"},\"alternateName\":\"Plomari Platinum: finest olive oil rich in polyphenols, oleocanthal and a high culinary value - gourm\u00e9t olive oil - EVOO- Plomari, Lesvos, Greece\",\"potentialAction\":[{\"@type\":\"SearchAction\",\"target\":{\"@type\":\"EntryPoint\",\"urlTemplate\":\"https:\\\/\\\/shop.plomariplatinum.com\\\/?s={search_term_string}\"},\"query-input\":{\"@type\":\"PropertyValueSpecification\",\"valueRequired\":true,\"valueName\":\"search_term_string\"}}],\"inLanguage\":\"sv-SE\"},{\"@type\":\"Organization\",\"@id\":\"https:\\\/\\\/shop.plomariplatinum.com\\\/#organization\",\"name\":\"PLOMARI PLATINUM OLIVE OIL FAMILY PRODUCTION\",\"alternateName\":\"Synelixis AB\",\"url\":\"https:\\\/\\\/shop.plomariplatinum.com\\\/\",\"logo\":{\"@type\":\"ImageObject\",\"inLanguage\":\"sv-SE\",\"@id\":\"https:\\\/\\\/shop.plomariplatinum.com\\\/#\\\/schema\\\/logo\\\/image\\\/\",\"url\":\"https:\\\/\\\/shop.plomariplatinum.com\\\/wp-content\\\/uploads\\\/2024\\\/11\\\/Asset-1.webp\",\"contentUrl\":\"https:\\\/\\\/shop.plomariplatinum.com\\\/wp-content\\\/uploads\\\/2024\\\/11\\\/Asset-1.webp\",\"width\":365,\"height\":86,\"caption\":\"PLOMARI PLATINUM OLIVE OIL FAMILY PRODUCTION\"},\"image\":{\"@id\":\"https:\\\/\\\/shop.plomariplatinum.com\\\/#\\\/schema\\\/logo\\\/image\\\/\"},\"sameAs\":[\"https:\\\/\\\/www.facebook.com\\\/plomariplatinum\",\"https:\\\/\\\/www.instagram.com\\\/plomariplatinum\"]}]}<\/script>\n<!-- \/ Yoast SEO plugin. -->","yoast_head_json":{"title":"Plomari Platinum Natural Green Olives 200gr - PLOMARI PLATINUM STORE | BUY ONLINE HIGH POLYPHENOL EXTRA VIRGIN OLIVE OIL","description":"Plomari Platinum natural green olives without additives, from kolovi & adramitiani varieties, tasty for snack, cheese, cold cuts, salads","robots":{"index":"index","follow":"follow","max-snippet":"max-snippet:-1","max-image-preview":"max-image-preview:large","max-video-preview":"max-video-preview:-1"},"canonical":"https:\/\/shop.plomariplatinum.com\/sv\/produkt\/plomari-platinum-natural-green-olives\/","og_locale":"sv_SE","og_type":"article","og_title":"Plomari Platinum Natural Green Olives 200gr - PLOMARI PLATINUM STORE | BUY ONLINE HIGH POLYPHENOL EXTRA VIRGIN OLIVE OIL","og_description":"Plomari Platinum natural green olives without additives, from kolovi & adramitiani varieties, tasty for snack, cheese, cold cuts, salads","og_url":"https:\/\/shop.plomariplatinum.com\/sv\/produkt\/plomari-platinum-natural-green-olives\/","og_site_name":"PLOMARI PLATINUM STORE | BUY ONLINE HIGH POLYPHENOL EXTRA VIRGIN OLIVE OIL","article_publisher":"https:\/\/www.facebook.com\/plomariplatinum","article_modified_time":"2026-05-06T03:14:18+00:00","og_image":[{"width":1000,"height":1000,"url":"https:\/\/shop.plomariplatinum.com\/wp-content\/uploads\/2025\/11\/PlomariPlatinum-Natural-Green-Olives-200gr-1000x1000px.png","type":"image\/png"}],"twitter_card":"summary_large_image","twitter_misc":{"Ber\u00e4knad l\u00e4stid":"2 minuter"},"schema":{"@context":"https:\/\/schema.org","@graph":[{"@type":"WebPage","@id":"https:\/\/shop.plomariplatinum.com\/product\/plomari-platinum-natural-green-olives\/","url":"https:\/\/shop.plomariplatinum.com\/product\/plomari-platinum-natural-green-olives\/","name":"Plomari Platinum Natural Green Olives 200gr - PLOMARI PLATINUM STORE | BUY ONLINE HIGH POLYPHENOL EXTRA VIRGIN OLIVE OIL","isPartOf":{"@id":"https:\/\/shop.plomariplatinum.com\/#website"},"primaryImageOfPage":{"@id":"https:\/\/shop.plomariplatinum.com\/product\/plomari-platinum-natural-green-olives\/#primaryimage"},"image":{"@id":"https:\/\/shop.plomariplatinum.com\/product\/plomari-platinum-natural-green-olives\/#primaryimage"},"thumbnailUrl":"https:\/\/shop.plomariplatinum.com\/wp-content\/uploads\/2025\/11\/PlomariPlatinum-Natural-Green-Olives-200gr-1000x1000px.png","datePublished":"2025-11-21T02:26:12+00:00","dateModified":"2026-05-06T03:14:18+00:00","description":"Plomari Platinum natural green olives without additives, from kolovi & adramitiani varieties, tasty for snack, cheese, cold cuts, salads","breadcrumb":{"@id":"https:\/\/shop.plomariplatinum.com\/product\/plomari-platinum-natural-green-olives\/#breadcrumb"},"inLanguage":"sv-SE","potentialAction":[{"@type":"ReadAction","target":["https:\/\/shop.plomariplatinum.com\/product\/plomari-platinum-natural-green-olives\/"]}]},{"@type":"ImageObject","inLanguage":"sv-SE","@id":"https:\/\/shop.plomariplatinum.com\/product\/plomari-platinum-natural-green-olives\/#primaryimage","url":"https:\/\/shop.plomariplatinum.com\/wp-content\/uploads\/2025\/11\/PlomariPlatinum-Natural-Green-Olives-200gr-1000x1000px.png","contentUrl":"https:\/\/shop.plomariplatinum.com\/wp-content\/uploads\/2025\/11\/PlomariPlatinum-Natural-Green-Olives-200gr-1000x1000px.png","width":1000,"height":1000,"caption":"Plomari-Platinum-Natural-Green-Olives-Quality-Table-Olives"},{"@type":"BreadcrumbList","@id":"https:\/\/shop.plomariplatinum.com\/product\/plomari-platinum-natural-green-olives\/#breadcrumb","itemListElement":[{"@type":"ListItem","position":1,"name":"Home","item":"https:\/\/shop.plomariplatinum.com\/"},{"@type":"ListItem","position":2,"name":"Shop","item":"https:\/\/shop.plomariplatinum.com\/"},{"@type":"ListItem","position":3,"name":"Plomari Platinum Natural Green Olives 200gr"}]},{"@type":"WebSite","@id":"https:\/\/shop.plomariplatinum.com\/#website","url":"https:\/\/shop.plomariplatinum.com\/","name":"PLOMARI PLATINUM STORE - BUY BEST OLIVE OIL ONLINE","description":"Shop online award-winning early harvest olive oil","publisher":{"@id":"https:\/\/shop.plomariplatinum.com\/#organization"},"alternateName":"Plomari Platinum: finest olive oil rich in polyphenols, oleocanthal and a high culinary value - gourm\u00e9t olive oil - EVOO- Plomari, Lesvos, Greece","potentialAction":[{"@type":"SearchAction","target":{"@type":"EntryPoint","urlTemplate":"https:\/\/shop.plomariplatinum.com\/?s={search_term_string}"},"query-input":{"@type":"PropertyValueSpecification","valueRequired":true,"valueName":"search_term_string"}}],"inLanguage":"sv-SE"},{"@type":"Organization","@id":"https:\/\/shop.plomariplatinum.com\/#organization","name":"PLOMARI PLATINUM OLIVE OIL FAMILY PRODUCTION","alternateName":"Synelixis AB","url":"https:\/\/shop.plomariplatinum.com\/","logo":{"@type":"ImageObject","inLanguage":"sv-SE","@id":"https:\/\/shop.plomariplatinum.com\/#\/schema\/logo\/image\/","url":"https:\/\/shop.plomariplatinum.com\/wp-content\/uploads\/2024\/11\/Asset-1.webp","contentUrl":"https:\/\/shop.plomariplatinum.com\/wp-content\/uploads\/2024\/11\/Asset-1.webp","width":365,"height":86,"caption":"PLOMARI PLATINUM OLIVE OIL FAMILY PRODUCTION"},"image":{"@id":"https:\/\/shop.plomariplatinum.com\/#\/schema\/logo\/image\/"},"sameAs":["https:\/\/www.facebook.com\/plomariplatinum","https:\/\/www.instagram.com\/plomariplatinum"]}]}},"uagb_featured_image_src":{"full":["https:\/\/shop.plomariplatinum.com\/wp-content\/uploads\/2025\/11\/PlomariPlatinum-Natural-Green-Olives-200gr-1000x1000px.png",1000,1000,false],"thumbnail":["https:\/\/shop.plomariplatinum.com\/wp-content\/uploads\/2025\/11\/PlomariPlatinum-Natural-Green-Olives-200gr-1000x1000px-150x150.png",150,150,true],"medium":["https:\/\/shop.plomariplatinum.com\/wp-content\/uploads\/2025\/11\/PlomariPlatinum-Natural-Green-Olives-200gr-1000x1000px-300x300.png",300,300,true],"medium_large":["https:\/\/shop.plomariplatinum.com\/wp-content\/uploads\/2025\/11\/PlomariPlatinum-Natural-Green-Olives-200gr-1000x1000px-768x768.png",768,768,true],"large":["https:\/\/shop.plomariplatinum.com\/wp-content\/uploads\/2025\/11\/PlomariPlatinum-Natural-Green-Olives-200gr-1000x1000px.png",1000,1000,false],"1536x1536":["https:\/\/shop.plomariplatinum.com\/wp-content\/uploads\/2025\/11\/PlomariPlatinum-Natural-Green-Olives-200gr-1000x1000px.png",1000,1000,false],"2048x2048":["https:\/\/shop.plomariplatinum.com\/wp-content\/uploads\/2025\/11\/PlomariPlatinum-Natural-Green-Olives-200gr-1000x1000px.png",1000,1000,false],"trp-custom-language-flag":["https:\/\/shop.plomariplatinum.com\/wp-content\/uploads\/2025\/11\/PlomariPlatinum-Natural-Green-Olives-200gr-1000x1000px-12x12.png",12,12,true],"woocommerce_thumbnail":["https:\/\/shop.plomariplatinum.com\/wp-content\/uploads\/2025\/11\/PlomariPlatinum-Natural-Green-Olives-200gr-1000x1000px-300x300.png",300,300,true],"woocommerce_single":["https:\/\/shop.plomariplatinum.com\/wp-content\/uploads\/2025\/11\/PlomariPlatinum-Natural-Green-Olives-200gr-1000x1000px-600x600.png",600,600,true],"woocommerce_gallery_thumbnail":["https:\/\/shop.plomariplatinum.com\/wp-content\/uploads\/2025\/11\/PlomariPlatinum-Natural-Green-Olives-200gr-1000x1000px-100x100.png",100,100,true]},"uagb_author_info":{"display_name":"Plomari Platinum","author_link":"https:\/\/shop.plomariplatinum.com\/sv\/author\/"},"uagb_comment_info":0,"uagb_excerpt":"Plomari Platinum Natural Green Olives are the very same olives that give us the Plomari Platinum olive oils. The olives are treated just with sea salt brine and they are let to ferment naturally for more than six months. No additives or preservatives are used for the processing. They have a unique balanced taste that&hellip;","_links":{"self":[{"href":"https:\/\/shop.plomariplatinum.com\/sv\/wp-json\/wp\/v2\/product\/8479","targetHints":{"allow":["GET"]}}],"collection":[{"href":"https:\/\/shop.plomariplatinum.com\/sv\/wp-json\/wp\/v2\/product"}],"about":[{"href":"https:\/\/shop.plomariplatinum.com\/sv\/wp-json\/wp\/v2\/types\/product"}],"wp:featuredmedia":[{"embeddable":true,"href":"https:\/\/shop.plomariplatinum.com\/sv\/wp-json\/wp\/v2\/media\/8504"}],"wp:attachment":[{"href":"https:\/\/shop.plomariplatinum.com\/sv\/wp-json\/wp\/v2\/media?parent=8479"}],"wp:term":[{"taxonomy":"product_brand","embeddable":true,"href":"https:\/\/shop.plomariplatinum.com\/sv\/wp-json\/wp\/v2\/product_brand?post=8479"},{"taxonomy":"product_cat","embeddable":true,"href":"https:\/\/shop.plomariplatinum.com\/sv\/wp-json\/wp\/v2\/product_cat?post=8479"},{"taxonomy":"product_tag","embeddable":true,"href":"https:\/\/shop.plomariplatinum.com\/sv\/wp-json\/wp\/v2\/product_tag?post=8479"}],"curies":[{"name":"wp","href":"https:\/\/api.w.org\/{rel}","templated":true}]}}