{"id":8433,"date":"2025-10-13T01:06:25","date_gmt":"2025-10-12T23:06:25","guid":{"rendered":"https:\/\/shop.plomariplatinum.com\/?post_type=product&#038;p=8433"},"modified":"2026-05-06T05:14:18","modified_gmt":"2026-05-06T03:14:18","slug":"plomari-platinum-classico-olive-oil-5l","status":"publish","type":"product","link":"https:\/\/shop.plomariplatinum.com\/sv\/produkt\/plomari-platinum-classico-olive-oil-5l\/","title":{"rendered":"Plomari Platinum Classico Olivolja 5L"},"content":{"rendered":"<div class=\"evoo-description\">\n<p class=\"lede\">Plomari Platinum Classico extra jungfruolivolja kallpressas inom n\u00e5gra timmar efter plockning, vilket ger f\u00f6rh\u00f6jda polyfenoler och en gr\u00e4sartad arom med en mild pepprig finish. Det \u00e4r en klassisk olivolja som m\u00e5nga f\u00f6redrar f\u00f6r sin milda klassiska fruktiga karakt\u00e4r!<br \/>\nClassico-olivoljan har en mildare karakt\u00e4r \u00e4n sitt syskon \u201cUnfiltered\u201d p\u00e5 grund av den senare sk\u00f6rdetiden. Denna olivolja har vilat under en l\u00e4ngre tid \u00e4n den \u201cofiltrerade\u201d och den framst\u00e5r som mer klar. Njut av den som en gourmetmat genom att ringla \u00f6ver och avsluta n\u00e4stan vilken matr\u00e4tt som helst. Perfekt till br\u00f6d, gr\u00f6nsaker, soppor, kallskuret, carpaccio, rostat k\u00f6tt, fisk och f\u00e5gel. Ofiltrerade oljor kan avge ett ofarligt sediment; f\u00f6rvara svalt och m\u00f6rkt, f\u00f6rslut med t\u00e4tt lock och njut omedelbart efter \u00f6ppnandet f\u00f6r b\u00e4sta arom.<\/p>\n<ul class=\"badges\">\n<li>2024-2025 Sk\u00f6rd<\/li>\n<li>Kall-extraherad (&lt; 26\u00b0C)<\/li>\n<li>Syrahalt: 0,4%<\/li>\n<li>Polyfenoler totalt (~358 mg\/kg)<\/li>\n<\/ul>\n<details>\n<summary><strong>Smakprofil<\/strong><\/summary>\n<p>Plomari Platinum Classico har en mild och v\u00e4lbalanserad bitters\u00f6t smak med subtila och delikata inslag av vild kron\u00e4rtskocka, nyklippt gr\u00e4s, h\u00f6, bittermandel, n\u00f6tter och en medelstark eftersmak. Den har en distinkt gr\u00f6n-guldig f\u00e4rg. Balanserad bitterhet i b\u00f6rjan, som \u00f6verg\u00e5r till en rund pepprig kick och en mjuk \u00f6rtig avslutning.<\/p>\n<\/details>\n<details>\n<summary><strong>Ursprung &amp; odlingar<\/strong><\/summary>\n<dl>\n<dt>Land \/ Region<\/dt>\n<dd>Grekland - Lesvos (stora Plomari-regionen)<\/dd>\n<dt>Kultivarer<\/dt>\n<dd>Kolovi, Adramitiani<\/dd>\n<dt>Sk\u00f6rd<\/dt>\n<dd>december 2024<\/dd>\n<dt>Metod<\/dt>\n<dd>Kontinuerlig kall extraktion<\/dd>\n<\/dl>\n<\/details>\n<details>\n<summary><strong>Hur man njuter<\/strong><\/summary>\n<ul>\n<li>Skorpigt br\u00f6d, avsluta grillad fisk och vitt k\u00f6tt, rostade gr\u00f6nsaker eller soppor.<\/li>\n<li>Vispa ner i vin\u00e4gretten med citron och havssalt.<\/li>\n<li>Ringla \u00f6ver bottarga, f\u00e4rsk mozzarella, kallskuret, tomater och fetaost<\/li>\n<li>Carpaccio av n\u00f6tk\u00f6tt och fisk.<\/li>\n<li>Matlagning<\/li>\n<\/ul>\n<\/details>\n<details>\n<summary><strong>Parning<\/strong><\/summary>\n<ul class=\"pairings\">\n<li>Br\u00f6d &amp; antipasti<\/li>\n<li>Sallader &amp; r\u00e5a gr\u00f6nsaker<\/li>\n<li>Vitt k\u00f6tt &amp; skaldjur<\/li>\n<li>Gr\u00f6nsakssoppor &amp; baljv\u00e4xter<\/li>\n<\/ul>\n<\/details>\n<details>\n<summary><strong>F\u00f6rvaring &amp; h\u00e5llbarhetstid<\/strong><\/summary>\n<p>F\u00f6rvaras t\u00e4tt tillsluten p\u00e5 en sval och m\u00f6rk plats (12-16\u00b0C). H\u00e5lls borta fr\u00e5n v\u00e4rme och ljus.<br \/>\nB\u00e4st f\u00f6re: 18 m\u00e5nader efter tillverkning. F\u00f6r maximal smak, njut inom 1-3 m\u00e5nader efter \u00f6ppnandet. F\u00f6r maximal antioxidantnytta, njut inom 1 m\u00e5nad fr\u00e5n \u00f6ppnandet.<\/p>\n<\/details>\n<section class=\"shipping-returns translation-block\"><span style=\"font-size: 16px\"><strong>Shipping &amp; Returns:<\/strong> Snabb leverans till EU-l\u00e4nder fr\u00e5n v\u00e5ra EU-lager. F\u00f6r l\u00e4nder utanf\u00f6r EU, v\u00e4nligen kontakta oss via e-post med detaljer.<\/span><\/section>\n<\/div>","protected":false},"excerpt":{"rendered":"<p>Plomari Platinum Classico extra jungfruolivolja kallpressas inom n\u00e5gra timmar efter plockning, vilket ger f\u00f6rh\u00f6jda polyfenoler och en gr\u00e4sartad arom med en mild pepprig finish. Det \u00e4r en klassisk olivolja som m\u00e5nga f\u00f6redrar f\u00f6r sin milda klassiska fruktiga karakt\u00e4r!<\/p>","protected":false},"featured_media":8448,"template":"","meta":{"_uag_custom_page_level_css":"","site-sidebar-layout":"default","site-content-layout":"","ast-site-content-layout":"default","site-content-style":"default","site-sidebar-style":"default","ast-global-header-display":"","ast-banner-title-visibility":"","ast-main-header-display":"","ast-hfb-above-header-display":"","ast-hfb-below-header-display":"","ast-hfb-mobile-header-display":"","site-post-title":"","ast-breadcrumbs-content":"","ast-featured-img":"","footer-sml-layout":"","ast-disable-related-posts":"","theme-transparent-header-meta":"default","adv-header-id-meta":"","stick-header-meta":"default","header-above-stick-meta":"","header-main-stick-meta":"","header-below-stick-meta":"","astra-migrate-meta-layouts":"set","ast-page-background-enabled":"default","ast-page-background-meta":{"desktop":{"background-color":"","background-image":"","background-repeat":"repeat","background-position":"center center","background-size":"auto","background-attachment":"scroll","background-type":"","background-media":"","overlay-type":"","overlay-color":"","overlay-opacity":"","overlay-gradient":""},"tablet":{"background-color":"","background-image":"","background-repeat":"repeat","background-position":"center center","background-size":"auto","background-attachment":"scroll","background-type":"","background-media":"","overlay-type":"","overlay-color":"","overlay-opacity":"","overlay-gradient":""},"mobile":{"background-color":"","background-image":"","background-repeat":"repeat","background-position":"center center","background-size":"auto","background-attachment":"scroll","background-type":"","background-media":"","overlay-type":"","overlay-color":"","overlay-opacity":"","overlay-gradient":""}},"ast-content-background-meta":{"desktop":{"background-color":"var(--ast-global-color-5)","background-image":"","background-repeat":"repeat","background-position":"center center","background-size":"auto","background-attachment":"scroll","background-type":"","background-media":"","overlay-type":"","overlay-color":"","overlay-opacity":"","overlay-gradient":""},"tablet":{"background-color":"var(--ast-global-color-5)","background-image":"","background-repeat":"repeat","background-position":"center center","background-size":"auto","background-attachment":"scroll","background-type":"","background-media":"","overlay-type":"","overlay-color":"","overlay-opacity":"","overlay-gradient":""},"mobile":{"background-color":"var(--ast-global-color-5)","background-image":"","background-repeat":"repeat","background-position":"center center","background-size":"auto","background-attachment":"scroll","background-type":"","background-media":"","overlay-type":"","overlay-color":"","overlay-opacity":"","overlay-gradient":""}}},"product_brand":[],"product_cat":[77],"product_tag":[],"class_list":{"0":"post-8433","1":"product","2":"type-product","3":"status-publish","4":"has-post-thumbnail","6":"product_cat-olive-oil","7":"desktop-align-left","8":"tablet-align-left","9":"mobile-align-left","11":"first","12":"instock","13":"taxable","14":"shipping-taxable","15":"purchasable","16":"product-type-simple"},"shsp-ext":{"main":{},"variations":[]},"yoast_head":"<!-- This site is optimized with the Yoast SEO plugin v27.6 - https:\/\/yoast.com\/product\/yoast-seo-wordpress\/ -->\n<title>Plomari Platinum Classico Olive Oil 5L - PLOMARI PLATINUM STORE | BUY ONLINE HIGH POLYPHENOL EXTRA VIRGIN OLIVE OIL<\/title>\n<meta name=\"description\" content=\"Plomari Platinum Classico Early-Harvest Extra Virgin Olive Oil is cold-pressed within hours of picking, delivering elevated polyphenols and a vivid, grassy aroma with a mild peppery finish\" \/>\n<meta name=\"robots\" content=\"index, follow, max-snippet:-1, max-image-preview:large, max-video-preview:-1\" \/>\n<link rel=\"canonical\" href=\"https:\/\/shop.plomariplatinum.com\/sv\/produkt\/plomari-platinum-classico-olive-oil-5l\/\" \/>\n<meta property=\"og:locale\" content=\"sv_SE\" \/>\n<meta property=\"og:type\" content=\"article\" \/>\n<meta property=\"og:title\" content=\"Plomari Platinum Classico Olive Oil 5L - PLOMARI PLATINUM STORE | BUY ONLINE HIGH POLYPHENOL EXTRA VIRGIN OLIVE OIL\" \/>\n<meta property=\"og:description\" content=\"Plomari Platinum Classico Early-Harvest Extra Virgin Olive Oil is cold-pressed within hours of picking, delivering elevated polyphenols and a vivid, grassy aroma with a mild peppery finish\" \/>\n<meta property=\"og:url\" content=\"https:\/\/shop.plomariplatinum.com\/sv\/produkt\/plomari-platinum-classico-olive-oil-5l\/\" \/>\n<meta property=\"og:site_name\" content=\"PLOMARI PLATINUM STORE | BUY ONLINE HIGH POLYPHENOL EXTRA VIRGIN OLIVE OIL\" \/>\n<meta property=\"article:publisher\" content=\"https:\/\/www.facebook.com\/plomariplatinum\" \/>\n<meta property=\"article:modified_time\" content=\"2026-05-06T03:14:18+00:00\" \/>\n<meta property=\"og:image\" content=\"https:\/\/shop.plomariplatinum.com\/wp-content\/uploads\/2025\/10\/PlomariPlatinum_5L_1000x1000px.png\" \/>\n\t<meta property=\"og:image:width\" content=\"1000\" \/>\n\t<meta property=\"og:image:height\" content=\"1000\" \/>\n\t<meta property=\"og:image:type\" content=\"image\/png\" \/>\n<meta name=\"twitter:card\" content=\"summary_large_image\" \/>\n<meta name=\"twitter:label1\" content=\"Ber\u00e4knad l\u00e4stid\" \/>\n\t<meta name=\"twitter:data1\" content=\"2 minuter\" \/>\n<script type=\"application\/ld+json\" class=\"yoast-schema-graph\">{\"@context\":\"https:\\\/\\\/schema.org\",\"@graph\":[{\"@type\":\"WebPage\",\"@id\":\"https:\\\/\\\/shop.plomariplatinum.com\\\/product\\\/plomari-platinum-classico-olive-oil-5l\\\/\",\"url\":\"https:\\\/\\\/shop.plomariplatinum.com\\\/product\\\/plomari-platinum-classico-olive-oil-5l\\\/\",\"name\":\"Plomari Platinum Classico Olive Oil 5L - PLOMARI PLATINUM STORE | BUY ONLINE HIGH POLYPHENOL EXTRA VIRGIN OLIVE OIL\",\"isPartOf\":{\"@id\":\"https:\\\/\\\/shop.plomariplatinum.com\\\/#website\"},\"primaryImageOfPage\":{\"@id\":\"https:\\\/\\\/shop.plomariplatinum.com\\\/product\\\/plomari-platinum-classico-olive-oil-5l\\\/#primaryimage\"},\"image\":{\"@id\":\"https:\\\/\\\/shop.plomariplatinum.com\\\/product\\\/plomari-platinum-classico-olive-oil-5l\\\/#primaryimage\"},\"thumbnailUrl\":\"https:\\\/\\\/shop.plomariplatinum.com\\\/wp-content\\\/uploads\\\/2025\\\/10\\\/PlomariPlatinum_5L_1000x1000px.png\",\"datePublished\":\"2025-10-12T23:06:25+00:00\",\"dateModified\":\"2026-05-06T03:14:18+00:00\",\"description\":\"Plomari Platinum Classico Early-Harvest Extra Virgin Olive Oil is cold-pressed within hours of picking, delivering elevated polyphenols and a vivid, grassy aroma with a mild peppery finish\",\"breadcrumb\":{\"@id\":\"https:\\\/\\\/shop.plomariplatinum.com\\\/product\\\/plomari-platinum-classico-olive-oil-5l\\\/#breadcrumb\"},\"inLanguage\":\"sv-SE\",\"potentialAction\":[{\"@type\":\"ReadAction\",\"target\":[\"https:\\\/\\\/shop.plomariplatinum.com\\\/product\\\/plomari-platinum-classico-olive-oil-5l\\\/\"]}]},{\"@type\":\"ImageObject\",\"inLanguage\":\"sv-SE\",\"@id\":\"https:\\\/\\\/shop.plomariplatinum.com\\\/product\\\/plomari-platinum-classico-olive-oil-5l\\\/#primaryimage\",\"url\":\"https:\\\/\\\/shop.plomariplatinum.com\\\/wp-content\\\/uploads\\\/2025\\\/10\\\/PlomariPlatinum_5L_1000x1000px.png\",\"contentUrl\":\"https:\\\/\\\/shop.plomariplatinum.com\\\/wp-content\\\/uploads\\\/2025\\\/10\\\/PlomariPlatinum_5L_1000x1000px.png\",\"width\":1000,\"height\":1000,\"caption\":\"Plomari-Platinum-Classico-Polyphenol-Extra-Virgin-Olive-Oil-Mild-Aromatic-5L-Tin\"},{\"@type\":\"BreadcrumbList\",\"@id\":\"https:\\\/\\\/shop.plomariplatinum.com\\\/product\\\/plomari-platinum-classico-olive-oil-5l\\\/#breadcrumb\",\"itemListElement\":[{\"@type\":\"ListItem\",\"position\":1,\"name\":\"Home\",\"item\":\"https:\\\/\\\/shop.plomariplatinum.com\\\/\"},{\"@type\":\"ListItem\",\"position\":2,\"name\":\"Shop\",\"item\":\"https:\\\/\\\/shop.plomariplatinum.com\\\/\"},{\"@type\":\"ListItem\",\"position\":3,\"name\":\"Plomari Platinum Classico Olive Oil 5L\"}]},{\"@type\":\"WebSite\",\"@id\":\"https:\\\/\\\/shop.plomariplatinum.com\\\/#website\",\"url\":\"https:\\\/\\\/shop.plomariplatinum.com\\\/\",\"name\":\"PLOMARI PLATINUM STORE - BUY BEST OLIVE OIL ONLINE\",\"description\":\"Shop online award-winning early harvest olive oil\",\"publisher\":{\"@id\":\"https:\\\/\\\/shop.plomariplatinum.com\\\/#organization\"},\"alternateName\":\"Plomari Platinum: finest olive oil rich in polyphenols, oleocanthal and a high culinary value - gourm\u00e9t olive oil - EVOO- Plomari, Lesvos, Greece\",\"potentialAction\":[{\"@type\":\"SearchAction\",\"target\":{\"@type\":\"EntryPoint\",\"urlTemplate\":\"https:\\\/\\\/shop.plomariplatinum.com\\\/?s={search_term_string}\"},\"query-input\":{\"@type\":\"PropertyValueSpecification\",\"valueRequired\":true,\"valueName\":\"search_term_string\"}}],\"inLanguage\":\"sv-SE\"},{\"@type\":\"Organization\",\"@id\":\"https:\\\/\\\/shop.plomariplatinum.com\\\/#organization\",\"name\":\"PLOMARI PLATINUM OLIVE OIL FAMILY PRODUCTION\",\"alternateName\":\"Synelixis AB\",\"url\":\"https:\\\/\\\/shop.plomariplatinum.com\\\/\",\"logo\":{\"@type\":\"ImageObject\",\"inLanguage\":\"sv-SE\",\"@id\":\"https:\\\/\\\/shop.plomariplatinum.com\\\/#\\\/schema\\\/logo\\\/image\\\/\",\"url\":\"https:\\\/\\\/shop.plomariplatinum.com\\\/wp-content\\\/uploads\\\/2024\\\/11\\\/Asset-1.webp\",\"contentUrl\":\"https:\\\/\\\/shop.plomariplatinum.com\\\/wp-content\\\/uploads\\\/2024\\\/11\\\/Asset-1.webp\",\"width\":365,\"height\":86,\"caption\":\"PLOMARI PLATINUM OLIVE OIL FAMILY PRODUCTION\"},\"image\":{\"@id\":\"https:\\\/\\\/shop.plomariplatinum.com\\\/#\\\/schema\\\/logo\\\/image\\\/\"},\"sameAs\":[\"https:\\\/\\\/www.facebook.com\\\/plomariplatinum\",\"https:\\\/\\\/www.instagram.com\\\/plomariplatinum\"]}]}<\/script>\n<!-- \/ Yoast SEO plugin. -->","yoast_head_json":{"title":"Plomari Platinum Classico Olive Oil 5L - PLOMARI PLATINUM STORE | BUY ONLINE HIGH POLYPHENOL EXTRA VIRGIN OLIVE OIL","description":"Plomari Platinum Classico Early-Harvest Extra Virgin Olive Oil is cold-pressed within hours of picking, delivering elevated polyphenols and a vivid, grassy aroma with a mild peppery finish","robots":{"index":"index","follow":"follow","max-snippet":"max-snippet:-1","max-image-preview":"max-image-preview:large","max-video-preview":"max-video-preview:-1"},"canonical":"https:\/\/shop.plomariplatinum.com\/sv\/produkt\/plomari-platinum-classico-olive-oil-5l\/","og_locale":"sv_SE","og_type":"article","og_title":"Plomari Platinum Classico Olive Oil 5L - PLOMARI PLATINUM STORE | BUY ONLINE HIGH POLYPHENOL EXTRA VIRGIN OLIVE OIL","og_description":"Plomari Platinum Classico Early-Harvest Extra Virgin Olive Oil is cold-pressed within hours of picking, delivering elevated polyphenols and a vivid, grassy aroma with a mild peppery finish","og_url":"https:\/\/shop.plomariplatinum.com\/sv\/produkt\/plomari-platinum-classico-olive-oil-5l\/","og_site_name":"PLOMARI PLATINUM STORE | BUY ONLINE HIGH POLYPHENOL EXTRA VIRGIN OLIVE OIL","article_publisher":"https:\/\/www.facebook.com\/plomariplatinum","article_modified_time":"2026-05-06T03:14:18+00:00","og_image":[{"width":1000,"height":1000,"url":"https:\/\/shop.plomariplatinum.com\/wp-content\/uploads\/2025\/10\/PlomariPlatinum_5L_1000x1000px.png","type":"image\/png"}],"twitter_card":"summary_large_image","twitter_misc":{"Ber\u00e4knad l\u00e4stid":"2 minuter"},"schema":{"@context":"https:\/\/schema.org","@graph":[{"@type":"WebPage","@id":"https:\/\/shop.plomariplatinum.com\/product\/plomari-platinum-classico-olive-oil-5l\/","url":"https:\/\/shop.plomariplatinum.com\/product\/plomari-platinum-classico-olive-oil-5l\/","name":"Plomari Platinum Classico Olive Oil 5L - PLOMARI PLATINUM STORE | BUY ONLINE HIGH POLYPHENOL EXTRA VIRGIN OLIVE OIL","isPartOf":{"@id":"https:\/\/shop.plomariplatinum.com\/#website"},"primaryImageOfPage":{"@id":"https:\/\/shop.plomariplatinum.com\/product\/plomari-platinum-classico-olive-oil-5l\/#primaryimage"},"image":{"@id":"https:\/\/shop.plomariplatinum.com\/product\/plomari-platinum-classico-olive-oil-5l\/#primaryimage"},"thumbnailUrl":"https:\/\/shop.plomariplatinum.com\/wp-content\/uploads\/2025\/10\/PlomariPlatinum_5L_1000x1000px.png","datePublished":"2025-10-12T23:06:25+00:00","dateModified":"2026-05-06T03:14:18+00:00","description":"Plomari Platinum Classico Early-Harvest Extra Virgin Olive Oil is cold-pressed within hours of picking, delivering elevated polyphenols and a vivid, grassy aroma with a mild peppery finish","breadcrumb":{"@id":"https:\/\/shop.plomariplatinum.com\/product\/plomari-platinum-classico-olive-oil-5l\/#breadcrumb"},"inLanguage":"sv-SE","potentialAction":[{"@type":"ReadAction","target":["https:\/\/shop.plomariplatinum.com\/product\/plomari-platinum-classico-olive-oil-5l\/"]}]},{"@type":"ImageObject","inLanguage":"sv-SE","@id":"https:\/\/shop.plomariplatinum.com\/product\/plomari-platinum-classico-olive-oil-5l\/#primaryimage","url":"https:\/\/shop.plomariplatinum.com\/wp-content\/uploads\/2025\/10\/PlomariPlatinum_5L_1000x1000px.png","contentUrl":"https:\/\/shop.plomariplatinum.com\/wp-content\/uploads\/2025\/10\/PlomariPlatinum_5L_1000x1000px.png","width":1000,"height":1000,"caption":"Plomari-Platinum-Classico-Polyphenol-Extra-Virgin-Olive-Oil-Mild-Aromatic-5L-Tin"},{"@type":"BreadcrumbList","@id":"https:\/\/shop.plomariplatinum.com\/product\/plomari-platinum-classico-olive-oil-5l\/#breadcrumb","itemListElement":[{"@type":"ListItem","position":1,"name":"Home","item":"https:\/\/shop.plomariplatinum.com\/"},{"@type":"ListItem","position":2,"name":"Shop","item":"https:\/\/shop.plomariplatinum.com\/"},{"@type":"ListItem","position":3,"name":"Plomari Platinum Classico Olive Oil 5L"}]},{"@type":"WebSite","@id":"https:\/\/shop.plomariplatinum.com\/#website","url":"https:\/\/shop.plomariplatinum.com\/","name":"PLOMARI PLATINUM STORE - BUY BEST OLIVE OIL ONLINE","description":"Shop online award-winning early harvest olive oil","publisher":{"@id":"https:\/\/shop.plomariplatinum.com\/#organization"},"alternateName":"Plomari Platinum: finest olive oil rich in polyphenols, oleocanthal and a high culinary value - gourm\u00e9t olive oil - EVOO- Plomari, Lesvos, Greece","potentialAction":[{"@type":"SearchAction","target":{"@type":"EntryPoint","urlTemplate":"https:\/\/shop.plomariplatinum.com\/?s={search_term_string}"},"query-input":{"@type":"PropertyValueSpecification","valueRequired":true,"valueName":"search_term_string"}}],"inLanguage":"sv-SE"},{"@type":"Organization","@id":"https:\/\/shop.plomariplatinum.com\/#organization","name":"PLOMARI PLATINUM OLIVE OIL FAMILY PRODUCTION","alternateName":"Synelixis AB","url":"https:\/\/shop.plomariplatinum.com\/","logo":{"@type":"ImageObject","inLanguage":"sv-SE","@id":"https:\/\/shop.plomariplatinum.com\/#\/schema\/logo\/image\/","url":"https:\/\/shop.plomariplatinum.com\/wp-content\/uploads\/2024\/11\/Asset-1.webp","contentUrl":"https:\/\/shop.plomariplatinum.com\/wp-content\/uploads\/2024\/11\/Asset-1.webp","width":365,"height":86,"caption":"PLOMARI PLATINUM OLIVE OIL FAMILY PRODUCTION"},"image":{"@id":"https:\/\/shop.plomariplatinum.com\/#\/schema\/logo\/image\/"},"sameAs":["https:\/\/www.facebook.com\/plomariplatinum","https:\/\/www.instagram.com\/plomariplatinum"]}]}},"uagb_featured_image_src":{"full":["https:\/\/shop.plomariplatinum.com\/wp-content\/uploads\/2025\/10\/PlomariPlatinum_5L_1000x1000px.png",1000,1000,false],"thumbnail":["https:\/\/shop.plomariplatinum.com\/wp-content\/uploads\/2025\/10\/PlomariPlatinum_5L_1000x1000px-150x150.png",150,150,true],"medium":["https:\/\/shop.plomariplatinum.com\/wp-content\/uploads\/2025\/10\/PlomariPlatinum_5L_1000x1000px-300x300.png",300,300,true],"medium_large":["https:\/\/shop.plomariplatinum.com\/wp-content\/uploads\/2025\/10\/PlomariPlatinum_5L_1000x1000px-768x768.png",768,768,true],"large":["https:\/\/shop.plomariplatinum.com\/wp-content\/uploads\/2025\/10\/PlomariPlatinum_5L_1000x1000px.png",1000,1000,false],"1536x1536":["https:\/\/shop.plomariplatinum.com\/wp-content\/uploads\/2025\/10\/PlomariPlatinum_5L_1000x1000px.png",1000,1000,false],"2048x2048":["https:\/\/shop.plomariplatinum.com\/wp-content\/uploads\/2025\/10\/PlomariPlatinum_5L_1000x1000px.png",1000,1000,false],"trp-custom-language-flag":["https:\/\/shop.plomariplatinum.com\/wp-content\/uploads\/2025\/10\/PlomariPlatinum_5L_1000x1000px-12x12.png",12,12,true],"woocommerce_thumbnail":["https:\/\/shop.plomariplatinum.com\/wp-content\/uploads\/2025\/10\/PlomariPlatinum_5L_1000x1000px-300x300.png",300,300,true],"woocommerce_single":["https:\/\/shop.plomariplatinum.com\/wp-content\/uploads\/2025\/10\/PlomariPlatinum_5L_1000x1000px-600x600.png",600,600,true],"woocommerce_gallery_thumbnail":["https:\/\/shop.plomariplatinum.com\/wp-content\/uploads\/2025\/10\/PlomariPlatinum_5L_1000x1000px-100x100.png",100,100,true]},"uagb_author_info":{"display_name":"Plomari Platinum","author_link":"https:\/\/shop.plomariplatinum.com\/sv\/author\/"},"uagb_comment_info":0,"uagb_excerpt":"Plomari Platinum Classico extra virgin olive oil is cold-pressed within hours of picking, delivering elevated polyphenols and a grassy aroma with a mild peppery finish. It is a classic olive oil preferred by many people for its mild classic fruity character!","_links":{"self":[{"href":"https:\/\/shop.plomariplatinum.com\/sv\/wp-json\/wp\/v2\/product\/8433","targetHints":{"allow":["GET"]}}],"collection":[{"href":"https:\/\/shop.plomariplatinum.com\/sv\/wp-json\/wp\/v2\/product"}],"about":[{"href":"https:\/\/shop.plomariplatinum.com\/sv\/wp-json\/wp\/v2\/types\/product"}],"wp:featuredmedia":[{"embeddable":true,"href":"https:\/\/shop.plomariplatinum.com\/sv\/wp-json\/wp\/v2\/media\/8448"}],"wp:attachment":[{"href":"https:\/\/shop.plomariplatinum.com\/sv\/wp-json\/wp\/v2\/media?parent=8433"}],"wp:term":[{"taxonomy":"product_brand","embeddable":true,"href":"https:\/\/shop.plomariplatinum.com\/sv\/wp-json\/wp\/v2\/product_brand?post=8433"},{"taxonomy":"product_cat","embeddable":true,"href":"https:\/\/shop.plomariplatinum.com\/sv\/wp-json\/wp\/v2\/product_cat?post=8433"},{"taxonomy":"product_tag","embeddable":true,"href":"https:\/\/shop.plomariplatinum.com\/sv\/wp-json\/wp\/v2\/product_tag?post=8433"}],"curies":[{"name":"wp","href":"https:\/\/api.w.org\/{rel}","templated":true}]}}