{"id":8480,"date":"2025-11-21T04:27:01","date_gmt":"2025-11-21T02:27:01","guid":{"rendered":"https:\/\/shop.plomariplatinum.com\/?post_type=product&#038;p=8480"},"modified":"2026-05-06T05:14:18","modified_gmt":"2026-05-06T03:14:18","slug":"plomari-platinum-natural-sea-salt","status":"publish","type":"product","link":"https:\/\/shop.plomariplatinum.com\/de\/produkt\/plomari-platinum-natural-sea-salt\/","title":{"rendered":"Plomari Platinum Nat\u00fcrliches Meersalz 120gr"},"content":{"rendered":"<div class=\"evoo-description\">\n<p class=\"lede\">Plomari Platinum nat\u00fcrliches Meersalz wird in den Salzg\u00e4rten von Polichnitos auf der Insel Lesbos im Golf von Kalloni ausgew\u00e4hlt und von Hand geerntet. Es ist ein nat\u00fcrliches, unraffiniertes Meersalz mit mittlerer K\u00f6rnung und passt perfekt zu den Oliven\u00f6len von Plomari Platinum auf einer Scheibe Brot. Verwenden Sie Plomari Platinum nat\u00fcrliches Meersalz, um den Geschmack von Fisch- oder Rindercarpaccio, medium-rare gebratenem Rindfleisch und vielem mehr zu verfeinern. Dieses Salz enth\u00e4lt keine Zusatzstoffe und wurde nicht chemisch verarbeitet! Die elegante Verpackung macht es zu einem perfekten Geschenk in einem Feinkostkorb!<\/p>\n<ul class=\"badges\">\n<li>reines Meersalz<\/li>\n<li>unraffiniert<\/li>\n<li>mittlere Korngr\u00f6\u00dfe<\/li>\n<li>ausgewogener Geschmack<\/li>\n<\/ul>\n<details>\n<summary><strong>Herkunft<\/strong><\/summary>\n<p><span style=\"font-size: 16px\">Land \/ Region: <\/span><span style=\"font-size: 16px\">Griechenland - Lesbos (Salinen des Golfs von Kalloni).<\/span><\/p>\n<\/details>\n<details>\n<summary><span style=\"font-size: 16px;font-weight: 600\">Methode<\/span><\/summary>\n<ul>Handverlesen und gepfl\u00fcckt<\/ul>\n<\/details>\n<details>\n<summary><strong>Wie man genie\u00dft<\/strong><\/summary>\n<ul>\n<li>Knuspriges Brot, Plomari-Platin-Oliven\u00f6l, gebratenes Gem\u00fcse, Suppen und mehr<\/li>\n<li>Gegrilltes Rindfleisch (besonders roh oder medium rare, wenn es sich mit dem Fleischsaft verbindet und den Geschmack verfeinert).<\/li>\n<li>Zu Rinder- und Fischcarpaccio.<\/li>\n<li>Tartar vom Rind<\/li>\n<li>Meeresfr\u00fcchte<\/li>\n<li>Gefl\u00fcgel<\/li>\n<li>Salate, Gem\u00fcse, So\u00dfen<\/li>\n<\/ul>\n<\/details>\n<details>\n<summary><strong>Lagerung und Haltbarkeit<\/strong><\/summary>\n<p>Dicht verschlossen lagern. Vor Hitze sch\u00fctzen, damit die Feuchtigkeit erhalten bleibt.<br \/>\nMindestens haltbar bis: 36 Monate nach der Herstellung. F\u00fcr einen besseren Zustand, schlie\u00dfen Sie die Schraubkappe nach dem Gebrauch.<\/p>\n<\/details>\n<section class=\"shipping-returns translation-block\"><span style=\"font-size: 16px\"><strong>Versand &amp; R\u00fccksendungen:<\/strong> Schneller Versand in EU-L\u00e4nder aus unseren EU-Lagern. F\u00fcr L\u00e4nder au\u00dferhalb der EU kontaktieren Sie uns bitte per E-Mail mit den entsprechenden Angaben.<\/span><\/section>\n<\/div>","protected":false},"excerpt":{"rendered":"<p>Plomari Platinum nat\u00fcrliches Meersalz wird in den Salzg\u00e4rten von Polichnitos auf der Insel Lesbos ausgew\u00e4hlt und von Hand geerntet. Es ist ein nat\u00fcrliches, unraffiniertes Meersalz mit mittlerer K\u00f6rnung und passt perfekt zu den Oliven\u00f6len von Plomari Platinum auf einer Scheibe Brot.<\/p>","protected":false},"featured_media":8505,"template":"","meta":{"_uag_custom_page_level_css":"","site-sidebar-layout":"default","site-content-layout":"","ast-site-content-layout":"default","site-content-style":"default","site-sidebar-style":"default","ast-global-header-display":"","ast-banner-title-visibility":"","ast-main-header-display":"","ast-hfb-above-header-display":"","ast-hfb-below-header-display":"","ast-hfb-mobile-header-display":"","site-post-title":"","ast-breadcrumbs-content":"","ast-featured-img":"","footer-sml-layout":"","ast-disable-related-posts":"","theme-transparent-header-meta":"default","adv-header-id-meta":"","stick-header-meta":"default","header-above-stick-meta":"","header-main-stick-meta":"","header-below-stick-meta":"","astra-migrate-meta-layouts":"set","ast-page-background-enabled":"default","ast-page-background-meta":{"desktop":{"background-color":"","background-image":"","background-repeat":"repeat","background-position":"center center","background-size":"auto","background-attachment":"scroll","background-type":"","background-media":"","overlay-type":"","overlay-color":"","overlay-opacity":"","overlay-gradient":""},"tablet":{"background-color":"","background-image":"","background-repeat":"repeat","background-position":"center center","background-size":"auto","background-attachment":"scroll","background-type":"","background-media":"","overlay-type":"","overlay-color":"","overlay-opacity":"","overlay-gradient":""},"mobile":{"background-color":"","background-image":"","background-repeat":"repeat","background-position":"center center","background-size":"auto","background-attachment":"scroll","background-type":"","background-media":"","overlay-type":"","overlay-color":"","overlay-opacity":"","overlay-gradient":""}},"ast-content-background-meta":{"desktop":{"background-color":"var(--ast-global-color-5)","background-image":"","background-repeat":"repeat","background-position":"center center","background-size":"auto","background-attachment":"scroll","background-type":"","background-media":"","overlay-type":"","overlay-color":"","overlay-opacity":"","overlay-gradient":""},"tablet":{"background-color":"var(--ast-global-color-5)","background-image":"","background-repeat":"repeat","background-position":"center center","background-size":"auto","background-attachment":"scroll","background-type":"","background-media":"","overlay-type":"","overlay-color":"","overlay-opacity":"","overlay-gradient":""},"mobile":{"background-color":"var(--ast-global-color-5)","background-image":"","background-repeat":"repeat","background-position":"center center","background-size":"auto","background-attachment":"scroll","background-type":"","background-media":"","overlay-type":"","overlay-color":"","overlay-opacity":"","overlay-gradient":""}}},"product_brand":[],"product_cat":[79],"product_tag":[],"class_list":{"0":"post-8480","1":"product","2":"type-product","3":"status-publish","4":"has-post-thumbnail","6":"product_cat-salt","7":"desktop-align-left","8":"tablet-align-left","9":"mobile-align-left","11":"first","12":"instock","13":"taxable","14":"shipping-taxable","15":"purchasable","16":"product-type-simple"},"shsp-ext":{"main":{},"variations":[]},"yoast_head":"<!-- This site is optimized with the Yoast SEO plugin v27.6 - https:\/\/yoast.com\/product\/yoast-seo-wordpress\/ -->\n<title>Plomari Platinum Natural Sea Salt 120gr - PLOMARI PLATINUM STORE | BUY ONLINE HIGH POLYPHENOL EXTRA VIRGIN OLIVE OIL<\/title>\n<meta name=\"description\" content=\"Plomari Platinum premium natural sea salt, unrefined, to elevate the taste of your dishes. Combine it first with olive oil and bread. Salt on rare steaks!\" \/>\n<meta name=\"robots\" content=\"index, follow, max-snippet:-1, max-image-preview:large, max-video-preview:-1\" \/>\n<link rel=\"canonical\" href=\"https:\/\/shop.plomariplatinum.com\/de\/produkt\/plomari-platinum-natural-sea-salt\/\" \/>\n<meta property=\"og:locale\" content=\"de_DE\" \/>\n<meta property=\"og:type\" content=\"article\" \/>\n<meta property=\"og:title\" content=\"Plomari Platinum Natural Sea Salt 120gr - PLOMARI PLATINUM STORE | BUY ONLINE HIGH POLYPHENOL EXTRA VIRGIN OLIVE OIL\" \/>\n<meta property=\"og:description\" content=\"Plomari Platinum premium natural sea salt, unrefined, to elevate the taste of your dishes. Combine it first with olive oil and bread. Salt on rare steaks!\" \/>\n<meta property=\"og:url\" content=\"https:\/\/shop.plomariplatinum.com\/de\/produkt\/plomari-platinum-natural-sea-salt\/\" \/>\n<meta property=\"og:site_name\" content=\"PLOMARI PLATINUM STORE | BUY ONLINE HIGH POLYPHENOL EXTRA VIRGIN OLIVE OIL\" \/>\n<meta property=\"article:publisher\" content=\"https:\/\/www.facebook.com\/plomariplatinum\" \/>\n<meta property=\"article:modified_time\" content=\"2026-05-06T03:14:18+00:00\" \/>\n<meta property=\"og:image\" content=\"https:\/\/shop.plomariplatinum.com\/wp-content\/uploads\/2025\/11\/PlomariPlatinum_Natural-Sea-Salt-120gr.png\" \/>\n\t<meta property=\"og:image:width\" content=\"1000\" \/>\n\t<meta property=\"og:image:height\" content=\"1000\" \/>\n\t<meta property=\"og:image:type\" content=\"image\/png\" \/>\n<meta name=\"twitter:card\" content=\"summary_large_image\" \/>\n<meta name=\"twitter:label1\" content=\"Gesch\u00e4tzte Lesezeit\" \/>\n\t<meta name=\"twitter:data1\" content=\"2\u00a0Minuten\" \/>\n<script type=\"application\/ld+json\" class=\"yoast-schema-graph\">{\"@context\":\"https:\\\/\\\/schema.org\",\"@graph\":[{\"@type\":\"WebPage\",\"@id\":\"https:\\\/\\\/shop.plomariplatinum.com\\\/product\\\/plomari-platinum-natural-sea-salt\\\/\",\"url\":\"https:\\\/\\\/shop.plomariplatinum.com\\\/product\\\/plomari-platinum-natural-sea-salt\\\/\",\"name\":\"Plomari Platinum Natural Sea Salt 120gr - PLOMARI PLATINUM STORE | BUY ONLINE HIGH POLYPHENOL EXTRA VIRGIN OLIVE OIL\",\"isPartOf\":{\"@id\":\"https:\\\/\\\/shop.plomariplatinum.com\\\/#website\"},\"primaryImageOfPage\":{\"@id\":\"https:\\\/\\\/shop.plomariplatinum.com\\\/product\\\/plomari-platinum-natural-sea-salt\\\/#primaryimage\"},\"image\":{\"@id\":\"https:\\\/\\\/shop.plomariplatinum.com\\\/product\\\/plomari-platinum-natural-sea-salt\\\/#primaryimage\"},\"thumbnailUrl\":\"https:\\\/\\\/shop.plomariplatinum.com\\\/wp-content\\\/uploads\\\/2025\\\/11\\\/PlomariPlatinum_Natural-Sea-Salt-120gr.png\",\"datePublished\":\"2025-11-21T02:27:01+00:00\",\"dateModified\":\"2026-05-06T03:14:18+00:00\",\"description\":\"Plomari Platinum premium natural sea salt, unrefined, to elevate the taste of your dishes. Combine it first with olive oil and bread. Salt on rare steaks!\",\"breadcrumb\":{\"@id\":\"https:\\\/\\\/shop.plomariplatinum.com\\\/product\\\/plomari-platinum-natural-sea-salt\\\/#breadcrumb\"},\"inLanguage\":\"de\",\"potentialAction\":[{\"@type\":\"ReadAction\",\"target\":[\"https:\\\/\\\/shop.plomariplatinum.com\\\/product\\\/plomari-platinum-natural-sea-salt\\\/\"]}]},{\"@type\":\"ImageObject\",\"inLanguage\":\"de\",\"@id\":\"https:\\\/\\\/shop.plomariplatinum.com\\\/product\\\/plomari-platinum-natural-sea-salt\\\/#primaryimage\",\"url\":\"https:\\\/\\\/shop.plomariplatinum.com\\\/wp-content\\\/uploads\\\/2025\\\/11\\\/PlomariPlatinum_Natural-Sea-Salt-120gr.png\",\"contentUrl\":\"https:\\\/\\\/shop.plomariplatinum.com\\\/wp-content\\\/uploads\\\/2025\\\/11\\\/PlomariPlatinum_Natural-Sea-Salt-120gr.png\",\"width\":1000,\"height\":1000,\"caption\":\"PlomariPlatinum_Natural-Sea-Salt-Elevate-Your-Taste-120g\"},{\"@type\":\"BreadcrumbList\",\"@id\":\"https:\\\/\\\/shop.plomariplatinum.com\\\/product\\\/plomari-platinum-natural-sea-salt\\\/#breadcrumb\",\"itemListElement\":[{\"@type\":\"ListItem\",\"position\":1,\"name\":\"Home\",\"item\":\"https:\\\/\\\/shop.plomariplatinum.com\\\/\"},{\"@type\":\"ListItem\",\"position\":2,\"name\":\"Shop\",\"item\":\"https:\\\/\\\/shop.plomariplatinum.com\\\/\"},{\"@type\":\"ListItem\",\"position\":3,\"name\":\"Plomari Platinum Natural Sea Salt 120gr\"}]},{\"@type\":\"WebSite\",\"@id\":\"https:\\\/\\\/shop.plomariplatinum.com\\\/#website\",\"url\":\"https:\\\/\\\/shop.plomariplatinum.com\\\/\",\"name\":\"PLOMARI PLATINUM STORE - BUY BEST OLIVE OIL ONLINE\",\"description\":\"Shop online award-winning early harvest olive oil\",\"publisher\":{\"@id\":\"https:\\\/\\\/shop.plomariplatinum.com\\\/#organization\"},\"alternateName\":\"Plomari Platinum: finest olive oil rich in polyphenols, oleocanthal and a high culinary value - gourm\u00e9t olive oil - EVOO- Plomari, Lesvos, Greece\",\"potentialAction\":[{\"@type\":\"SearchAction\",\"target\":{\"@type\":\"EntryPoint\",\"urlTemplate\":\"https:\\\/\\\/shop.plomariplatinum.com\\\/?s={search_term_string}\"},\"query-input\":{\"@type\":\"PropertyValueSpecification\",\"valueRequired\":true,\"valueName\":\"search_term_string\"}}],\"inLanguage\":\"de\"},{\"@type\":\"Organization\",\"@id\":\"https:\\\/\\\/shop.plomariplatinum.com\\\/#organization\",\"name\":\"PLOMARI PLATINUM OLIVE OIL FAMILY PRODUCTION\",\"alternateName\":\"Synelixis AB\",\"url\":\"https:\\\/\\\/shop.plomariplatinum.com\\\/\",\"logo\":{\"@type\":\"ImageObject\",\"inLanguage\":\"de\",\"@id\":\"https:\\\/\\\/shop.plomariplatinum.com\\\/#\\\/schema\\\/logo\\\/image\\\/\",\"url\":\"https:\\\/\\\/shop.plomariplatinum.com\\\/wp-content\\\/uploads\\\/2024\\\/11\\\/Asset-1.webp\",\"contentUrl\":\"https:\\\/\\\/shop.plomariplatinum.com\\\/wp-content\\\/uploads\\\/2024\\\/11\\\/Asset-1.webp\",\"width\":365,\"height\":86,\"caption\":\"PLOMARI PLATINUM OLIVE OIL FAMILY PRODUCTION\"},\"image\":{\"@id\":\"https:\\\/\\\/shop.plomariplatinum.com\\\/#\\\/schema\\\/logo\\\/image\\\/\"},\"sameAs\":[\"https:\\\/\\\/www.facebook.com\\\/plomariplatinum\",\"https:\\\/\\\/www.instagram.com\\\/plomariplatinum\"]}]}<\/script>\n<!-- \/ Yoast SEO plugin. -->","yoast_head_json":{"title":"Plomari Platinum Natural Sea Salt 120gr - PLOMARI PLATINUM STORE | BUY ONLINE HIGH POLYPHENOL EXTRA VIRGIN OLIVE OIL","description":"Plomari Platinum premium natural sea salt, unrefined, to elevate the taste of your dishes. Combine it first with olive oil and bread. Salt on rare steaks!","robots":{"index":"index","follow":"follow","max-snippet":"max-snippet:-1","max-image-preview":"max-image-preview:large","max-video-preview":"max-video-preview:-1"},"canonical":"https:\/\/shop.plomariplatinum.com\/de\/produkt\/plomari-platinum-natural-sea-salt\/","og_locale":"de_DE","og_type":"article","og_title":"Plomari Platinum Natural Sea Salt 120gr - PLOMARI PLATINUM STORE | BUY ONLINE HIGH POLYPHENOL EXTRA VIRGIN OLIVE OIL","og_description":"Plomari Platinum premium natural sea salt, unrefined, to elevate the taste of your dishes. Combine it first with olive oil and bread. Salt on rare steaks!","og_url":"https:\/\/shop.plomariplatinum.com\/de\/produkt\/plomari-platinum-natural-sea-salt\/","og_site_name":"PLOMARI PLATINUM STORE | BUY ONLINE HIGH POLYPHENOL EXTRA VIRGIN OLIVE OIL","article_publisher":"https:\/\/www.facebook.com\/plomariplatinum","article_modified_time":"2026-05-06T03:14:18+00:00","og_image":[{"width":1000,"height":1000,"url":"https:\/\/shop.plomariplatinum.com\/wp-content\/uploads\/2025\/11\/PlomariPlatinum_Natural-Sea-Salt-120gr.png","type":"image\/png"}],"twitter_card":"summary_large_image","twitter_misc":{"Gesch\u00e4tzte Lesezeit":"2\u00a0Minuten"},"schema":{"@context":"https:\/\/schema.org","@graph":[{"@type":"WebPage","@id":"https:\/\/shop.plomariplatinum.com\/product\/plomari-platinum-natural-sea-salt\/","url":"https:\/\/shop.plomariplatinum.com\/product\/plomari-platinum-natural-sea-salt\/","name":"Plomari Platinum Natural Sea Salt 120gr - PLOMARI PLATINUM STORE | BUY ONLINE HIGH POLYPHENOL EXTRA VIRGIN OLIVE OIL","isPartOf":{"@id":"https:\/\/shop.plomariplatinum.com\/#website"},"primaryImageOfPage":{"@id":"https:\/\/shop.plomariplatinum.com\/product\/plomari-platinum-natural-sea-salt\/#primaryimage"},"image":{"@id":"https:\/\/shop.plomariplatinum.com\/product\/plomari-platinum-natural-sea-salt\/#primaryimage"},"thumbnailUrl":"https:\/\/shop.plomariplatinum.com\/wp-content\/uploads\/2025\/11\/PlomariPlatinum_Natural-Sea-Salt-120gr.png","datePublished":"2025-11-21T02:27:01+00:00","dateModified":"2026-05-06T03:14:18+00:00","description":"Plomari Platinum premium natural sea salt, unrefined, to elevate the taste of your dishes. Combine it first with olive oil and bread. Salt on rare steaks!","breadcrumb":{"@id":"https:\/\/shop.plomariplatinum.com\/product\/plomari-platinum-natural-sea-salt\/#breadcrumb"},"inLanguage":"de","potentialAction":[{"@type":"ReadAction","target":["https:\/\/shop.plomariplatinum.com\/product\/plomari-platinum-natural-sea-salt\/"]}]},{"@type":"ImageObject","inLanguage":"de","@id":"https:\/\/shop.plomariplatinum.com\/product\/plomari-platinum-natural-sea-salt\/#primaryimage","url":"https:\/\/shop.plomariplatinum.com\/wp-content\/uploads\/2025\/11\/PlomariPlatinum_Natural-Sea-Salt-120gr.png","contentUrl":"https:\/\/shop.plomariplatinum.com\/wp-content\/uploads\/2025\/11\/PlomariPlatinum_Natural-Sea-Salt-120gr.png","width":1000,"height":1000,"caption":"PlomariPlatinum_Natural-Sea-Salt-Elevate-Your-Taste-120g"},{"@type":"BreadcrumbList","@id":"https:\/\/shop.plomariplatinum.com\/product\/plomari-platinum-natural-sea-salt\/#breadcrumb","itemListElement":[{"@type":"ListItem","position":1,"name":"Home","item":"https:\/\/shop.plomariplatinum.com\/"},{"@type":"ListItem","position":2,"name":"Shop","item":"https:\/\/shop.plomariplatinum.com\/"},{"@type":"ListItem","position":3,"name":"Plomari Platinum Natural Sea Salt 120gr"}]},{"@type":"WebSite","@id":"https:\/\/shop.plomariplatinum.com\/#website","url":"https:\/\/shop.plomariplatinum.com\/","name":"PLOMARI PLATINUM STORE - BUY BEST OLIVE OIL ONLINE","description":"Shop online award-winning early harvest olive oil","publisher":{"@id":"https:\/\/shop.plomariplatinum.com\/#organization"},"alternateName":"Plomari Platinum: finest olive oil rich in polyphenols, oleocanthal and a high culinary value - gourm\u00e9t olive oil - EVOO- Plomari, Lesvos, Greece","potentialAction":[{"@type":"SearchAction","target":{"@type":"EntryPoint","urlTemplate":"https:\/\/shop.plomariplatinum.com\/?s={search_term_string}"},"query-input":{"@type":"PropertyValueSpecification","valueRequired":true,"valueName":"search_term_string"}}],"inLanguage":"de"},{"@type":"Organization","@id":"https:\/\/shop.plomariplatinum.com\/#organization","name":"PLOMARI PLATINUM OLIVE OIL FAMILY PRODUCTION","alternateName":"Synelixis AB","url":"https:\/\/shop.plomariplatinum.com\/","logo":{"@type":"ImageObject","inLanguage":"de","@id":"https:\/\/shop.plomariplatinum.com\/#\/schema\/logo\/image\/","url":"https:\/\/shop.plomariplatinum.com\/wp-content\/uploads\/2024\/11\/Asset-1.webp","contentUrl":"https:\/\/shop.plomariplatinum.com\/wp-content\/uploads\/2024\/11\/Asset-1.webp","width":365,"height":86,"caption":"PLOMARI PLATINUM OLIVE OIL FAMILY PRODUCTION"},"image":{"@id":"https:\/\/shop.plomariplatinum.com\/#\/schema\/logo\/image\/"},"sameAs":["https:\/\/www.facebook.com\/plomariplatinum","https:\/\/www.instagram.com\/plomariplatinum"]}]}},"uagb_featured_image_src":{"full":["https:\/\/shop.plomariplatinum.com\/wp-content\/uploads\/2025\/11\/PlomariPlatinum_Natural-Sea-Salt-120gr.png",1000,1000,false],"thumbnail":["https:\/\/shop.plomariplatinum.com\/wp-content\/uploads\/2025\/11\/PlomariPlatinum_Natural-Sea-Salt-120gr-150x150.png",150,150,true],"medium":["https:\/\/shop.plomariplatinum.com\/wp-content\/uploads\/2025\/11\/PlomariPlatinum_Natural-Sea-Salt-120gr-300x300.png",300,300,true],"medium_large":["https:\/\/shop.plomariplatinum.com\/wp-content\/uploads\/2025\/11\/PlomariPlatinum_Natural-Sea-Salt-120gr-768x768.png",768,768,true],"large":["https:\/\/shop.plomariplatinum.com\/wp-content\/uploads\/2025\/11\/PlomariPlatinum_Natural-Sea-Salt-120gr.png",1000,1000,false],"1536x1536":["https:\/\/shop.plomariplatinum.com\/wp-content\/uploads\/2025\/11\/PlomariPlatinum_Natural-Sea-Salt-120gr.png",1000,1000,false],"2048x2048":["https:\/\/shop.plomariplatinum.com\/wp-content\/uploads\/2025\/11\/PlomariPlatinum_Natural-Sea-Salt-120gr.png",1000,1000,false],"trp-custom-language-flag":["https:\/\/shop.plomariplatinum.com\/wp-content\/uploads\/2025\/11\/PlomariPlatinum_Natural-Sea-Salt-120gr-12x12.png",12,12,true],"woocommerce_thumbnail":["https:\/\/shop.plomariplatinum.com\/wp-content\/uploads\/2025\/11\/PlomariPlatinum_Natural-Sea-Salt-120gr-300x300.png",300,300,true],"woocommerce_single":["https:\/\/shop.plomariplatinum.com\/wp-content\/uploads\/2025\/11\/PlomariPlatinum_Natural-Sea-Salt-120gr-600x600.png",600,600,true],"woocommerce_gallery_thumbnail":["https:\/\/shop.plomariplatinum.com\/wp-content\/uploads\/2025\/11\/PlomariPlatinum_Natural-Sea-Salt-120gr-100x100.png",100,100,true]},"uagb_author_info":{"display_name":"Plomari Platinum","author_link":"https:\/\/shop.plomariplatinum.com\/de\/author\/"},"uagb_comment_info":0,"uagb_excerpt":"Plomari Platinum Natural Sea Salt is selected and hand picked from the salt pans of Polihnitos at Lesvos island. It is a natural medium grain unrefined sea salt, a perfect match to Plomari Platinum olive oils on a slice of bread.","_links":{"self":[{"href":"https:\/\/shop.plomariplatinum.com\/de\/wp-json\/wp\/v2\/product\/8480","targetHints":{"allow":["GET"]}}],"collection":[{"href":"https:\/\/shop.plomariplatinum.com\/de\/wp-json\/wp\/v2\/product"}],"about":[{"href":"https:\/\/shop.plomariplatinum.com\/de\/wp-json\/wp\/v2\/types\/product"}],"wp:featuredmedia":[{"embeddable":true,"href":"https:\/\/shop.plomariplatinum.com\/de\/wp-json\/wp\/v2\/media\/8505"}],"wp:attachment":[{"href":"https:\/\/shop.plomariplatinum.com\/de\/wp-json\/wp\/v2\/media?parent=8480"}],"wp:term":[{"taxonomy":"product_brand","embeddable":true,"href":"https:\/\/shop.plomariplatinum.com\/de\/wp-json\/wp\/v2\/product_brand?post=8480"},{"taxonomy":"product_cat","embeddable":true,"href":"https:\/\/shop.plomariplatinum.com\/de\/wp-json\/wp\/v2\/product_cat?post=8480"},{"taxonomy":"product_tag","embeddable":true,"href":"https:\/\/shop.plomariplatinum.com\/de\/wp-json\/wp\/v2\/product_tag?post=8480"}],"curies":[{"name":"wp","href":"https:\/\/api.w.org\/{rel}","templated":true}]}}