{"id":8479,"date":"2025-11-21T04:26:12","date_gmt":"2025-11-21T02:26:12","guid":{"rendered":"https:\/\/shop.plomariplatinum.com\/?post_type=product&#038;p=8479"},"modified":"2026-05-06T05:14:18","modified_gmt":"2026-05-06T03:14:18","slug":"plomari-platinum-natural-green-olives","status":"publish","type":"product","link":"https:\/\/shop.plomariplatinum.com\/de\/produkt\/plomari-platinum-natural-green-olives\/","title":{"rendered":"Plomari Platinum Nat\u00fcrliche Gr\u00fcne Oliven 200gr"},"content":{"rendered":"<div class=\"evoo-description\">\n<p class=\"lede\">Plomari Platinum nat\u00fcrliche gr\u00fcne Oliven sind dieselben Oliven, aus denen auch die Plomari Platinum Oliven\u00f6le gewonnen werden. Die Oliven werden ausschlie\u00dflich in Meersalzlake eingelegt und fermentieren auf nat\u00fcrliche Weise \u00fcber mehr als sechs Monate. Der Fermentationsprozess wird in regelm\u00e4\u00dfigen Abst\u00e4nden kontrolliert, um sicherzustellen, dass er ordnungsgem\u00e4\u00df verl\u00e4uft. Nach Abschluss der Fermentation werden die Oliven abgesp\u00fclt und in frischer Lake, verfeinert mit Plomari Platinum Oliven\u00f6l, verpackt. Bei der Verarbeitung werden keine Zusatzstoffe oder Konservierungsmittel verwendet. Sie haben einen einzigartigen, ausgewogenen Geschmack, der sie zu einem perfekten Snack macht.<\/p>\n<ul class=\"badges\">\n<li>nat\u00fcrlich gebraut in Meersalzsole<\/li>\n<li>gr\u00fcn-braune Farbe<\/li>\n<li>keine Zusatzstoffe<\/li>\n<\/ul>\n<details>\n<summary><strong>Verkostungsnotizen<\/strong><\/summary>\n<p>Plomari Platinum nat\u00fcrliche gr\u00fcne Oliven haben einen ausgewogenen, mild-\u00f6ligen Geschmack mit fruchtigen Noten.<\/p>\n<\/details>\n<details>\n<summary><strong>Herkunft &amp; Kultivare<\/strong><\/summary>\n<dl>\n<dt>Land \/ Region<\/dt>\n<dd>Griechenland - Lesbos (Gro\u00dfraum Plomari)<\/dd>\n<dt>Kulturpflanzen<\/dt>\n<dd>Kolovi, Adramitiani<\/dd>\n<dt>Ernte<\/dt>\n<dd>November - Dezember<\/dd>\n<dt>Methode<\/dt>\n<dd>Handgepfl\u00fcckt, nat\u00fcrlich gebraut in Meersalzsole<\/dd>\n<\/dl>\n<\/details>\n<details>\n<summary><strong>Wie man genie\u00dft<\/strong><\/summary>\n<ul>\n<li>Als Zwischenmahlzeit.<\/li>\n<li>In Salaten.<\/li>\n<li>Mit Fete-K\u00e4se.<\/li>\n<li>In Aufschnitt und K\u00e4seplatten<\/li>\n<\/ul>\n<\/details>\n<details>\n<summary><strong>Paarungen<\/strong><\/summary>\n<ul class=\"pairings\">\n<li>Brot &amp; Antipasti<\/li>\n<li>Salate und Rohkost<\/li>\n<li>Feta-K\u00e4se, Graviera-K\u00e4se<\/li>\n<\/ul>\n<\/details>\n<details>\n<summary><strong>Lagerung und Haltbarkeit<\/strong><\/summary>\n<p>Dicht verschlossen an einem k\u00fchlen, dunklen Ort (12-16\u00b0C) aufbewahren. Vor Hitze und Licht sch\u00fctzen.<br \/>\nMindestens haltbar bis: 18 Monate nach der Herstellung. F\u00fcr eine optimale Lagerung nach dem \u00d6ffnen im K\u00fchlschrank aufbewahren. Innerhalb von 1 Monat nach dem \u00d6ffnen genie\u00dfen.<\/p>\n<\/details>\n<section class=\"shipping-returns translation-block\"><span style=\"font-size: 16px\"><strong>Versand &amp; R\u00fccksendungen:<\/strong> Schneller Versand in EU-L\u00e4nder aus unseren EU-Lagern. F\u00fcr L\u00e4nder au\u00dferhalb der EU kontaktieren Sie uns bitte per E-Mail mit den entsprechenden Angaben.<\/span><\/section>\n<\/div>","protected":false},"excerpt":{"rendered":"<p>Plomari Platinum nat\u00fcrliche gr\u00fcne Oliven sind dieselben Oliven, aus denen auch die Plomari Platinum Oliven\u00f6le gewonnen werden. Die Oliven werden ausschlie\u00dflich in Meersalzlake eingelegt und fermentieren auf nat\u00fcrliche Weise \u00fcber mehr als sechs Monate. Bei der Verarbeitung werden keine Zusatzstoffe oder Konservierungsmittel verwendet. Sie haben einen einzigartigen, ausgewogenen Geschmack, der sie zu einem perfekten Snack macht.<\/p>","protected":false},"featured_media":8504,"template":"","meta":{"_uag_custom_page_level_css":"","site-sidebar-layout":"default","site-content-layout":"","ast-site-content-layout":"default","site-content-style":"default","site-sidebar-style":"default","ast-global-header-display":"","ast-banner-title-visibility":"","ast-main-header-display":"","ast-hfb-above-header-display":"","ast-hfb-below-header-display":"","ast-hfb-mobile-header-display":"","site-post-title":"","ast-breadcrumbs-content":"","ast-featured-img":"","footer-sml-layout":"","ast-disable-related-posts":"","theme-transparent-header-meta":"default","adv-header-id-meta":"","stick-header-meta":"default","header-above-stick-meta":"","header-main-stick-meta":"","header-below-stick-meta":"","astra-migrate-meta-layouts":"set","ast-page-background-enabled":"default","ast-page-background-meta":{"desktop":{"background-color":"","background-image":"","background-repeat":"repeat","background-position":"center center","background-size":"auto","background-attachment":"scroll","background-type":"","background-media":"","overlay-type":"","overlay-color":"","overlay-opacity":"","overlay-gradient":""},"tablet":{"background-color":"","background-image":"","background-repeat":"repeat","background-position":"center center","background-size":"auto","background-attachment":"scroll","background-type":"","background-media":"","overlay-type":"","overlay-color":"","overlay-opacity":"","overlay-gradient":""},"mobile":{"background-color":"","background-image":"","background-repeat":"repeat","background-position":"center center","background-size":"auto","background-attachment":"scroll","background-type":"","background-media":"","overlay-type":"","overlay-color":"","overlay-opacity":"","overlay-gradient":""}},"ast-content-background-meta":{"desktop":{"background-color":"var(--ast-global-color-5)","background-image":"","background-repeat":"repeat","background-position":"center center","background-size":"auto","background-attachment":"scroll","background-type":"","background-media":"","overlay-type":"","overlay-color":"","overlay-opacity":"","overlay-gradient":""},"tablet":{"background-color":"var(--ast-global-color-5)","background-image":"","background-repeat":"repeat","background-position":"center center","background-size":"auto","background-attachment":"scroll","background-type":"","background-media":"","overlay-type":"","overlay-color":"","overlay-opacity":"","overlay-gradient":""},"mobile":{"background-color":"var(--ast-global-color-5)","background-image":"","background-repeat":"repeat","background-position":"center center","background-size":"auto","background-attachment":"scroll","background-type":"","background-media":"","overlay-type":"","overlay-color":"","overlay-opacity":"","overlay-gradient":""}}},"product_brand":[],"product_cat":[78],"product_tag":[],"class_list":{"0":"post-8479","1":"product","2":"type-product","3":"status-publish","4":"has-post-thumbnail","6":"product_cat-olives","7":"desktop-align-left","8":"tablet-align-left","9":"mobile-align-left","11":"first","12":"instock","13":"taxable","14":"shipping-taxable","15":"purchasable","16":"product-type-simple"},"shsp-ext":{"main":{},"variations":[]},"yoast_head":"<!-- This site is optimized with the Yoast SEO plugin v27.6 - https:\/\/yoast.com\/product\/yoast-seo-wordpress\/ -->\n<title>Plomari Platinum Natural Green Olives 200gr - PLOMARI PLATINUM STORE | BUY ONLINE HIGH POLYPHENOL EXTRA VIRGIN OLIVE OIL<\/title>\n<meta name=\"description\" content=\"Plomari Platinum natural green olives without additives, from kolovi &amp; adramitiani varieties, tasty for snack, cheese, cold cuts, salads\" \/>\n<meta name=\"robots\" content=\"index, follow, max-snippet:-1, max-image-preview:large, max-video-preview:-1\" \/>\n<link rel=\"canonical\" href=\"https:\/\/shop.plomariplatinum.com\/de\/produkt\/plomari-platinum-natural-green-olives\/\" \/>\n<meta property=\"og:locale\" content=\"de_DE\" \/>\n<meta property=\"og:type\" content=\"article\" \/>\n<meta property=\"og:title\" content=\"Plomari Platinum Natural Green Olives 200gr - PLOMARI PLATINUM STORE | BUY ONLINE HIGH POLYPHENOL EXTRA VIRGIN OLIVE OIL\" \/>\n<meta property=\"og:description\" content=\"Plomari Platinum natural green olives without additives, from kolovi &amp; adramitiani varieties, tasty for snack, cheese, cold cuts, salads\" \/>\n<meta property=\"og:url\" content=\"https:\/\/shop.plomariplatinum.com\/de\/produkt\/plomari-platinum-natural-green-olives\/\" \/>\n<meta property=\"og:site_name\" content=\"PLOMARI PLATINUM STORE | BUY ONLINE HIGH POLYPHENOL EXTRA VIRGIN OLIVE OIL\" \/>\n<meta property=\"article:publisher\" content=\"https:\/\/www.facebook.com\/plomariplatinum\" \/>\n<meta property=\"article:modified_time\" content=\"2026-05-06T03:14:18+00:00\" \/>\n<meta property=\"og:image\" content=\"https:\/\/shop.plomariplatinum.com\/wp-content\/uploads\/2025\/11\/PlomariPlatinum-Natural-Green-Olives-200gr-1000x1000px.png\" \/>\n\t<meta property=\"og:image:width\" content=\"1000\" \/>\n\t<meta property=\"og:image:height\" content=\"1000\" \/>\n\t<meta property=\"og:image:type\" content=\"image\/png\" \/>\n<meta name=\"twitter:card\" content=\"summary_large_image\" \/>\n<meta name=\"twitter:label1\" content=\"Gesch\u00e4tzte Lesezeit\" \/>\n\t<meta name=\"twitter:data1\" content=\"2\u00a0Minuten\" \/>\n<script type=\"application\/ld+json\" class=\"yoast-schema-graph\">{\"@context\":\"https:\\\/\\\/schema.org\",\"@graph\":[{\"@type\":\"WebPage\",\"@id\":\"https:\\\/\\\/shop.plomariplatinum.com\\\/product\\\/plomari-platinum-natural-green-olives\\\/\",\"url\":\"https:\\\/\\\/shop.plomariplatinum.com\\\/product\\\/plomari-platinum-natural-green-olives\\\/\",\"name\":\"Plomari Platinum Natural Green Olives 200gr - PLOMARI PLATINUM STORE | BUY ONLINE HIGH POLYPHENOL EXTRA VIRGIN OLIVE OIL\",\"isPartOf\":{\"@id\":\"https:\\\/\\\/shop.plomariplatinum.com\\\/#website\"},\"primaryImageOfPage\":{\"@id\":\"https:\\\/\\\/shop.plomariplatinum.com\\\/product\\\/plomari-platinum-natural-green-olives\\\/#primaryimage\"},\"image\":{\"@id\":\"https:\\\/\\\/shop.plomariplatinum.com\\\/product\\\/plomari-platinum-natural-green-olives\\\/#primaryimage\"},\"thumbnailUrl\":\"https:\\\/\\\/shop.plomariplatinum.com\\\/wp-content\\\/uploads\\\/2025\\\/11\\\/PlomariPlatinum-Natural-Green-Olives-200gr-1000x1000px.png\",\"datePublished\":\"2025-11-21T02:26:12+00:00\",\"dateModified\":\"2026-05-06T03:14:18+00:00\",\"description\":\"Plomari Platinum natural green olives without additives, from kolovi & adramitiani varieties, tasty for snack, cheese, cold cuts, salads\",\"breadcrumb\":{\"@id\":\"https:\\\/\\\/shop.plomariplatinum.com\\\/product\\\/plomari-platinum-natural-green-olives\\\/#breadcrumb\"},\"inLanguage\":\"de\",\"potentialAction\":[{\"@type\":\"ReadAction\",\"target\":[\"https:\\\/\\\/shop.plomariplatinum.com\\\/product\\\/plomari-platinum-natural-green-olives\\\/\"]}]},{\"@type\":\"ImageObject\",\"inLanguage\":\"de\",\"@id\":\"https:\\\/\\\/shop.plomariplatinum.com\\\/product\\\/plomari-platinum-natural-green-olives\\\/#primaryimage\",\"url\":\"https:\\\/\\\/shop.plomariplatinum.com\\\/wp-content\\\/uploads\\\/2025\\\/11\\\/PlomariPlatinum-Natural-Green-Olives-200gr-1000x1000px.png\",\"contentUrl\":\"https:\\\/\\\/shop.plomariplatinum.com\\\/wp-content\\\/uploads\\\/2025\\\/11\\\/PlomariPlatinum-Natural-Green-Olives-200gr-1000x1000px.png\",\"width\":1000,\"height\":1000,\"caption\":\"Plomari-Platinum-Natural-Green-Olives-Quality-Table-Olives\"},{\"@type\":\"BreadcrumbList\",\"@id\":\"https:\\\/\\\/shop.plomariplatinum.com\\\/product\\\/plomari-platinum-natural-green-olives\\\/#breadcrumb\",\"itemListElement\":[{\"@type\":\"ListItem\",\"position\":1,\"name\":\"Home\",\"item\":\"https:\\\/\\\/shop.plomariplatinum.com\\\/\"},{\"@type\":\"ListItem\",\"position\":2,\"name\":\"Shop\",\"item\":\"https:\\\/\\\/shop.plomariplatinum.com\\\/\"},{\"@type\":\"ListItem\",\"position\":3,\"name\":\"Plomari Platinum Natural Green Olives 200gr\"}]},{\"@type\":\"WebSite\",\"@id\":\"https:\\\/\\\/shop.plomariplatinum.com\\\/#website\",\"url\":\"https:\\\/\\\/shop.plomariplatinum.com\\\/\",\"name\":\"PLOMARI PLATINUM STORE - BUY BEST OLIVE OIL ONLINE\",\"description\":\"Shop online award-winning early harvest olive oil\",\"publisher\":{\"@id\":\"https:\\\/\\\/shop.plomariplatinum.com\\\/#organization\"},\"alternateName\":\"Plomari Platinum: finest olive oil rich in polyphenols, oleocanthal and a high culinary value - gourm\u00e9t olive oil - EVOO- Plomari, Lesvos, Greece\",\"potentialAction\":[{\"@type\":\"SearchAction\",\"target\":{\"@type\":\"EntryPoint\",\"urlTemplate\":\"https:\\\/\\\/shop.plomariplatinum.com\\\/?s={search_term_string}\"},\"query-input\":{\"@type\":\"PropertyValueSpecification\",\"valueRequired\":true,\"valueName\":\"search_term_string\"}}],\"inLanguage\":\"de\"},{\"@type\":\"Organization\",\"@id\":\"https:\\\/\\\/shop.plomariplatinum.com\\\/#organization\",\"name\":\"PLOMARI PLATINUM OLIVE OIL FAMILY PRODUCTION\",\"alternateName\":\"Synelixis AB\",\"url\":\"https:\\\/\\\/shop.plomariplatinum.com\\\/\",\"logo\":{\"@type\":\"ImageObject\",\"inLanguage\":\"de\",\"@id\":\"https:\\\/\\\/shop.plomariplatinum.com\\\/#\\\/schema\\\/logo\\\/image\\\/\",\"url\":\"https:\\\/\\\/shop.plomariplatinum.com\\\/wp-content\\\/uploads\\\/2024\\\/11\\\/Asset-1.webp\",\"contentUrl\":\"https:\\\/\\\/shop.plomariplatinum.com\\\/wp-content\\\/uploads\\\/2024\\\/11\\\/Asset-1.webp\",\"width\":365,\"height\":86,\"caption\":\"PLOMARI PLATINUM OLIVE OIL FAMILY PRODUCTION\"},\"image\":{\"@id\":\"https:\\\/\\\/shop.plomariplatinum.com\\\/#\\\/schema\\\/logo\\\/image\\\/\"},\"sameAs\":[\"https:\\\/\\\/www.facebook.com\\\/plomariplatinum\",\"https:\\\/\\\/www.instagram.com\\\/plomariplatinum\"]}]}<\/script>\n<!-- \/ Yoast SEO plugin. -->","yoast_head_json":{"title":"Plomari Platinum Natural Green Olives 200gr - PLOMARI PLATINUM STORE | BUY ONLINE HIGH POLYPHENOL EXTRA VIRGIN OLIVE OIL","description":"Plomari Platinum natural green olives without additives, from kolovi & adramitiani varieties, tasty for snack, cheese, cold cuts, salads","robots":{"index":"index","follow":"follow","max-snippet":"max-snippet:-1","max-image-preview":"max-image-preview:large","max-video-preview":"max-video-preview:-1"},"canonical":"https:\/\/shop.plomariplatinum.com\/de\/produkt\/plomari-platinum-natural-green-olives\/","og_locale":"de_DE","og_type":"article","og_title":"Plomari Platinum Natural Green Olives 200gr - PLOMARI PLATINUM STORE | BUY ONLINE HIGH POLYPHENOL EXTRA VIRGIN OLIVE OIL","og_description":"Plomari Platinum natural green olives without additives, from kolovi & adramitiani varieties, tasty for snack, cheese, cold cuts, salads","og_url":"https:\/\/shop.plomariplatinum.com\/de\/produkt\/plomari-platinum-natural-green-olives\/","og_site_name":"PLOMARI PLATINUM STORE | BUY ONLINE HIGH POLYPHENOL EXTRA VIRGIN OLIVE OIL","article_publisher":"https:\/\/www.facebook.com\/plomariplatinum","article_modified_time":"2026-05-06T03:14:18+00:00","og_image":[{"width":1000,"height":1000,"url":"https:\/\/shop.plomariplatinum.com\/wp-content\/uploads\/2025\/11\/PlomariPlatinum-Natural-Green-Olives-200gr-1000x1000px.png","type":"image\/png"}],"twitter_card":"summary_large_image","twitter_misc":{"Gesch\u00e4tzte Lesezeit":"2\u00a0Minuten"},"schema":{"@context":"https:\/\/schema.org","@graph":[{"@type":"WebPage","@id":"https:\/\/shop.plomariplatinum.com\/product\/plomari-platinum-natural-green-olives\/","url":"https:\/\/shop.plomariplatinum.com\/product\/plomari-platinum-natural-green-olives\/","name":"Plomari Platinum Natural Green Olives 200gr - PLOMARI PLATINUM STORE | BUY ONLINE HIGH POLYPHENOL EXTRA VIRGIN OLIVE OIL","isPartOf":{"@id":"https:\/\/shop.plomariplatinum.com\/#website"},"primaryImageOfPage":{"@id":"https:\/\/shop.plomariplatinum.com\/product\/plomari-platinum-natural-green-olives\/#primaryimage"},"image":{"@id":"https:\/\/shop.plomariplatinum.com\/product\/plomari-platinum-natural-green-olives\/#primaryimage"},"thumbnailUrl":"https:\/\/shop.plomariplatinum.com\/wp-content\/uploads\/2025\/11\/PlomariPlatinum-Natural-Green-Olives-200gr-1000x1000px.png","datePublished":"2025-11-21T02:26:12+00:00","dateModified":"2026-05-06T03:14:18+00:00","description":"Plomari Platinum natural green olives without additives, from kolovi & adramitiani varieties, tasty for snack, cheese, cold cuts, salads","breadcrumb":{"@id":"https:\/\/shop.plomariplatinum.com\/product\/plomari-platinum-natural-green-olives\/#breadcrumb"},"inLanguage":"de","potentialAction":[{"@type":"ReadAction","target":["https:\/\/shop.plomariplatinum.com\/product\/plomari-platinum-natural-green-olives\/"]}]},{"@type":"ImageObject","inLanguage":"de","@id":"https:\/\/shop.plomariplatinum.com\/product\/plomari-platinum-natural-green-olives\/#primaryimage","url":"https:\/\/shop.plomariplatinum.com\/wp-content\/uploads\/2025\/11\/PlomariPlatinum-Natural-Green-Olives-200gr-1000x1000px.png","contentUrl":"https:\/\/shop.plomariplatinum.com\/wp-content\/uploads\/2025\/11\/PlomariPlatinum-Natural-Green-Olives-200gr-1000x1000px.png","width":1000,"height":1000,"caption":"Plomari-Platinum-Natural-Green-Olives-Quality-Table-Olives"},{"@type":"BreadcrumbList","@id":"https:\/\/shop.plomariplatinum.com\/product\/plomari-platinum-natural-green-olives\/#breadcrumb","itemListElement":[{"@type":"ListItem","position":1,"name":"Home","item":"https:\/\/shop.plomariplatinum.com\/"},{"@type":"ListItem","position":2,"name":"Shop","item":"https:\/\/shop.plomariplatinum.com\/"},{"@type":"ListItem","position":3,"name":"Plomari Platinum Natural Green Olives 200gr"}]},{"@type":"WebSite","@id":"https:\/\/shop.plomariplatinum.com\/#website","url":"https:\/\/shop.plomariplatinum.com\/","name":"PLOMARI PLATINUM STORE - BUY BEST OLIVE OIL ONLINE","description":"Shop online award-winning early harvest olive oil","publisher":{"@id":"https:\/\/shop.plomariplatinum.com\/#organization"},"alternateName":"Plomari Platinum: finest olive oil rich in polyphenols, oleocanthal and a high culinary value - gourm\u00e9t olive oil - EVOO- Plomari, Lesvos, Greece","potentialAction":[{"@type":"SearchAction","target":{"@type":"EntryPoint","urlTemplate":"https:\/\/shop.plomariplatinum.com\/?s={search_term_string}"},"query-input":{"@type":"PropertyValueSpecification","valueRequired":true,"valueName":"search_term_string"}}],"inLanguage":"de"},{"@type":"Organization","@id":"https:\/\/shop.plomariplatinum.com\/#organization","name":"PLOMARI PLATINUM OLIVE OIL FAMILY PRODUCTION","alternateName":"Synelixis AB","url":"https:\/\/shop.plomariplatinum.com\/","logo":{"@type":"ImageObject","inLanguage":"de","@id":"https:\/\/shop.plomariplatinum.com\/#\/schema\/logo\/image\/","url":"https:\/\/shop.plomariplatinum.com\/wp-content\/uploads\/2024\/11\/Asset-1.webp","contentUrl":"https:\/\/shop.plomariplatinum.com\/wp-content\/uploads\/2024\/11\/Asset-1.webp","width":365,"height":86,"caption":"PLOMARI PLATINUM OLIVE OIL FAMILY PRODUCTION"},"image":{"@id":"https:\/\/shop.plomariplatinum.com\/#\/schema\/logo\/image\/"},"sameAs":["https:\/\/www.facebook.com\/plomariplatinum","https:\/\/www.instagram.com\/plomariplatinum"]}]}},"uagb_featured_image_src":{"full":["https:\/\/shop.plomariplatinum.com\/wp-content\/uploads\/2025\/11\/PlomariPlatinum-Natural-Green-Olives-200gr-1000x1000px.png",1000,1000,false],"thumbnail":["https:\/\/shop.plomariplatinum.com\/wp-content\/uploads\/2025\/11\/PlomariPlatinum-Natural-Green-Olives-200gr-1000x1000px-150x150.png",150,150,true],"medium":["https:\/\/shop.plomariplatinum.com\/wp-content\/uploads\/2025\/11\/PlomariPlatinum-Natural-Green-Olives-200gr-1000x1000px-300x300.png",300,300,true],"medium_large":["https:\/\/shop.plomariplatinum.com\/wp-content\/uploads\/2025\/11\/PlomariPlatinum-Natural-Green-Olives-200gr-1000x1000px-768x768.png",768,768,true],"large":["https:\/\/shop.plomariplatinum.com\/wp-content\/uploads\/2025\/11\/PlomariPlatinum-Natural-Green-Olives-200gr-1000x1000px.png",1000,1000,false],"1536x1536":["https:\/\/shop.plomariplatinum.com\/wp-content\/uploads\/2025\/11\/PlomariPlatinum-Natural-Green-Olives-200gr-1000x1000px.png",1000,1000,false],"2048x2048":["https:\/\/shop.plomariplatinum.com\/wp-content\/uploads\/2025\/11\/PlomariPlatinum-Natural-Green-Olives-200gr-1000x1000px.png",1000,1000,false],"trp-custom-language-flag":["https:\/\/shop.plomariplatinum.com\/wp-content\/uploads\/2025\/11\/PlomariPlatinum-Natural-Green-Olives-200gr-1000x1000px-12x12.png",12,12,true],"woocommerce_thumbnail":["https:\/\/shop.plomariplatinum.com\/wp-content\/uploads\/2025\/11\/PlomariPlatinum-Natural-Green-Olives-200gr-1000x1000px-300x300.png",300,300,true],"woocommerce_single":["https:\/\/shop.plomariplatinum.com\/wp-content\/uploads\/2025\/11\/PlomariPlatinum-Natural-Green-Olives-200gr-1000x1000px-600x600.png",600,600,true],"woocommerce_gallery_thumbnail":["https:\/\/shop.plomariplatinum.com\/wp-content\/uploads\/2025\/11\/PlomariPlatinum-Natural-Green-Olives-200gr-1000x1000px-100x100.png",100,100,true]},"uagb_author_info":{"display_name":"Plomari Platinum","author_link":"https:\/\/shop.plomariplatinum.com\/de\/author\/"},"uagb_comment_info":0,"uagb_excerpt":"Plomari Platinum Natural Green Olives are the very same olives that give us the Plomari Platinum olive oils. The olives are treated just with sea salt brine and they are let to ferment naturally for more than six months. No additives or preservatives are used for the processing. They have a unique balanced taste that&hellip;","_links":{"self":[{"href":"https:\/\/shop.plomariplatinum.com\/de\/wp-json\/wp\/v2\/product\/8479","targetHints":{"allow":["GET"]}}],"collection":[{"href":"https:\/\/shop.plomariplatinum.com\/de\/wp-json\/wp\/v2\/product"}],"about":[{"href":"https:\/\/shop.plomariplatinum.com\/de\/wp-json\/wp\/v2\/types\/product"}],"wp:featuredmedia":[{"embeddable":true,"href":"https:\/\/shop.plomariplatinum.com\/de\/wp-json\/wp\/v2\/media\/8504"}],"wp:attachment":[{"href":"https:\/\/shop.plomariplatinum.com\/de\/wp-json\/wp\/v2\/media?parent=8479"}],"wp:term":[{"taxonomy":"product_brand","embeddable":true,"href":"https:\/\/shop.plomariplatinum.com\/de\/wp-json\/wp\/v2\/product_brand?post=8479"},{"taxonomy":"product_cat","embeddable":true,"href":"https:\/\/shop.plomariplatinum.com\/de\/wp-json\/wp\/v2\/product_cat?post=8479"},{"taxonomy":"product_tag","embeddable":true,"href":"https:\/\/shop.plomariplatinum.com\/de\/wp-json\/wp\/v2\/product_tag?post=8479"}],"curies":[{"name":"wp","href":"https:\/\/api.w.org\/{rel}","templated":true}]}}