{"id":8433,"date":"2025-10-13T01:06:25","date_gmt":"2025-10-12T23:06:25","guid":{"rendered":"https:\/\/shop.plomariplatinum.com\/?post_type=product&#038;p=8433"},"modified":"2026-05-06T05:14:18","modified_gmt":"2026-05-06T03:14:18","slug":"plomari-platinum-classico-olive-oil-5l","status":"publish","type":"product","link":"https:\/\/shop.plomariplatinum.com\/de\/produkt\/plomari-platinum-classico-olive-oil-5l\/","title":{"rendered":"Plomari Platinum Classico Oliven\u00f6l 5L"},"content":{"rendered":"<div class=\"evoo-description\">\n<p class=\"lede\">Plomari Platinum Classico natives Oliven\u00f6l extra wird innerhalb weniger Stunden nach der Ernte kalt gepresst und bietet einen erh\u00f6hten Polyphenolgehalt sowie ein grasiges Aroma mit einem mild pfeffrigen Abgang. Es ist ein klassisches Oliven\u00f6l, das von vielen Menschen wegen seines milden, klassisch-fruchtigen Charakters gesch\u00e4tzt wird.<br \/>\nDas Classico-Oliven\u00f6l hat aufgrund des sp\u00e4teren Erntezeitpunkts einen milderen Charakter als sein Schwesterprodukt \u201eUnfiltered\u201c. Dieses Oliven\u00f6l durfte l\u00e4nger ruhen als das \u201eUnfiltered\u201c und erscheint dadurch klarer. Genie\u00dfen Sie es als Feinschmeckerprodukt, indem Sie damit nahezu jedes Gericht verfeinern und abrunden. Ideal zu Brot, Gem\u00fcse, Suppen, Aufschnitt, Carpaccio, gebratenem Fleisch, Fisch und Gefl\u00fcgel. Ungefilterte \u00d6le k\u00f6nnen einen unbedenklichen Bodensatz bilden; k\u00fchl und dunkel lagern, die Flasche gut verschlie\u00dfen und nach dem \u00d6ffnen zeitnah genie\u00dfen, um das volle Aroma zu bewahren.<\/p>\n<ul class=\"badges\">\n<li>2024-2025 Ernte<\/li>\n<li>Kalt extrahiert (&lt; 26\u00b0C)<\/li>\n<li>S\u00e4uregehalt: 0,4%<\/li>\n<li>Polyphenole insgesamt (~358 mg\/kg)<\/li>\n<\/ul>\n<details>\n<summary><strong>Verkostungsnotizen<\/strong><\/summary>\n<p>Plomari Platinum Classico zeichnet sich durch einen milden, ausgewogenen bitters\u00fc\u00dfen Geschmack mit subtilen und feinen Aromen von wilder Artischocke, frisch geschnittenem Gras, Heu, Bittermandel und N\u00fcssen sowie einem mittelstarken pikanten Nachgeschmack aus. Es hat eine markante gr\u00fcn-goldene Farbe. Eine ausgewogene Bitterkeit im Auftakt entwickelt sich zu einer runden Pfeffernote und einem weichen, kr\u00e4uterigen Abgang.<\/p>\n<\/details>\n<details>\n<summary><strong>Herkunft &amp; Kultivare<\/strong><\/summary>\n<dl>\n<dt>Land \/ Region<\/dt>\n<dd>Griechenland - Lesbos (Gro\u00dfraum Plomari)<\/dd>\n<dt>Kulturpflanzen<\/dt>\n<dd>Kolovi, Adramitiani<\/dd>\n<dt>Ernte<\/dt>\n<dd>Dezember 2024<\/dd>\n<dt>Methode<\/dt>\n<dd>Kontinuierliche Kaltextraktion<\/dd>\n<\/dl>\n<\/details>\n<details>\n<summary><strong>Wie man genie\u00dft<\/strong><\/summary>\n<ul>\n<li>Zu knusprigem Brot, zum Verfeinern von gegrilltem Fisch und hellem Fleisch, ger\u00f6stetem Gem\u00fcse oder Suppen.<\/li>\n<li>In Vinaigrettes mit Zitrone und Meersalz einr\u00fchren.<\/li>\n<li>Zum Verfeinern von Bottarga, frischem Mozzarella, Aufschnitt, Tomaten und Feta.<\/li>\n<li>Zu Rinder- und Fischcarpaccio.<\/li>\n<li>Kochen<\/li>\n<\/ul>\n<\/details>\n<details>\n<summary><strong>Paarungen<\/strong><\/summary>\n<ul class=\"pairings\">\n<li>Brot &amp; Antipasti<\/li>\n<li>Salate und Rohkost<\/li>\n<li>Zu hellem Fleisch und Meeresfr\u00fcchten<\/li>\n<li>Gem\u00fcsesuppen und H\u00fclsenfr\u00fcchte<\/li>\n<\/ul>\n<\/details>\n<details>\n<summary><strong>Lagerung und Haltbarkeit<\/strong><\/summary>\n<p>Dicht verschlossen an einem k\u00fchlen und dunklen Ort (12-16\u00b0C) aufbewahren. Vor Hitze und Licht sch\u00fctzen.<br \/>\nMindestens haltbar bis: 18 Monate nach der Herstellung. F\u00fcr maximalen Geschmack, genie\u00dfen Sie innerhalb von 1-3 Monaten nach dem \u00d6ffnen. F\u00fcr maximale Antioxidantien Vorteile, genie\u00dfen Sie innerhalb von 1 Monat nach dem \u00d6ffnen.<\/p>\n<\/details>\n<section class=\"shipping-returns translation-block\"><span style=\"font-size: 16px\"><strong>Versand &amp; R\u00fccksendungen:<\/strong> Schneller Versand in EU-L\u00e4nder aus unseren EU-Lagern. F\u00fcr L\u00e4nder au\u00dferhalb der EU kontaktieren Sie uns bitte per E-Mail mit den entsprechenden Angaben.<\/span><\/section>\n<\/div>","protected":false},"excerpt":{"rendered":"<p>Plomari Platinum Classico natives Oliven\u00f6l extra wird innerhalb weniger Stunden nach der Ernte kalt gepresst und bietet einen erh\u00f6hten Polyphenolgehalt sowie ein grasiges Aroma mit einem mild pfeffrigen Abgang. Es ist ein klassisches Oliven\u00f6l, das von vielen Menschen wegen seines milden, klassisch-fruchtigen Charakters gesch\u00e4tzt wird.<\/p>","protected":false},"featured_media":8448,"template":"","meta":{"_uag_custom_page_level_css":"","site-sidebar-layout":"default","site-content-layout":"","ast-site-content-layout":"default","site-content-style":"default","site-sidebar-style":"default","ast-global-header-display":"","ast-banner-title-visibility":"","ast-main-header-display":"","ast-hfb-above-header-display":"","ast-hfb-below-header-display":"","ast-hfb-mobile-header-display":"","site-post-title":"","ast-breadcrumbs-content":"","ast-featured-img":"","footer-sml-layout":"","ast-disable-related-posts":"","theme-transparent-header-meta":"default","adv-header-id-meta":"","stick-header-meta":"default","header-above-stick-meta":"","header-main-stick-meta":"","header-below-stick-meta":"","astra-migrate-meta-layouts":"set","ast-page-background-enabled":"default","ast-page-background-meta":{"desktop":{"background-color":"","background-image":"","background-repeat":"repeat","background-position":"center center","background-size":"auto","background-attachment":"scroll","background-type":"","background-media":"","overlay-type":"","overlay-color":"","overlay-opacity":"","overlay-gradient":""},"tablet":{"background-color":"","background-image":"","background-repeat":"repeat","background-position":"center center","background-size":"auto","background-attachment":"scroll","background-type":"","background-media":"","overlay-type":"","overlay-color":"","overlay-opacity":"","overlay-gradient":""},"mobile":{"background-color":"","background-image":"","background-repeat":"repeat","background-position":"center center","background-size":"auto","background-attachment":"scroll","background-type":"","background-media":"","overlay-type":"","overlay-color":"","overlay-opacity":"","overlay-gradient":""}},"ast-content-background-meta":{"desktop":{"background-color":"var(--ast-global-color-5)","background-image":"","background-repeat":"repeat","background-position":"center center","background-size":"auto","background-attachment":"scroll","background-type":"","background-media":"","overlay-type":"","overlay-color":"","overlay-opacity":"","overlay-gradient":""},"tablet":{"background-color":"var(--ast-global-color-5)","background-image":"","background-repeat":"repeat","background-position":"center center","background-size":"auto","background-attachment":"scroll","background-type":"","background-media":"","overlay-type":"","overlay-color":"","overlay-opacity":"","overlay-gradient":""},"mobile":{"background-color":"var(--ast-global-color-5)","background-image":"","background-repeat":"repeat","background-position":"center center","background-size":"auto","background-attachment":"scroll","background-type":"","background-media":"","overlay-type":"","overlay-color":"","overlay-opacity":"","overlay-gradient":""}}},"product_brand":[],"product_cat":[77],"product_tag":[],"class_list":{"0":"post-8433","1":"product","2":"type-product","3":"status-publish","4":"has-post-thumbnail","6":"product_cat-olive-oil","7":"desktop-align-left","8":"tablet-align-left","9":"mobile-align-left","11":"first","12":"instock","13":"taxable","14":"shipping-taxable","15":"purchasable","16":"product-type-simple"},"shsp-ext":{"main":{},"variations":[]},"yoast_head":"<!-- This site is optimized with the Yoast SEO plugin v27.6 - https:\/\/yoast.com\/product\/yoast-seo-wordpress\/ -->\n<title>Plomari Platinum Classico Olive Oil 5L - PLOMARI PLATINUM STORE | BUY ONLINE HIGH POLYPHENOL EXTRA VIRGIN OLIVE OIL<\/title>\n<meta name=\"description\" content=\"Plomari Platinum Classico Early-Harvest Extra Virgin Olive Oil is cold-pressed within hours of picking, delivering elevated polyphenols and a vivid, grassy aroma with a mild peppery finish\" \/>\n<meta name=\"robots\" content=\"index, follow, max-snippet:-1, max-image-preview:large, max-video-preview:-1\" \/>\n<link rel=\"canonical\" href=\"https:\/\/shop.plomariplatinum.com\/de\/produkt\/plomari-platinum-classico-olive-oil-5l\/\" \/>\n<meta property=\"og:locale\" content=\"de_DE\" \/>\n<meta property=\"og:type\" content=\"article\" \/>\n<meta property=\"og:title\" content=\"Plomari Platinum Classico Olive Oil 5L - PLOMARI PLATINUM STORE | BUY ONLINE HIGH POLYPHENOL EXTRA VIRGIN OLIVE OIL\" \/>\n<meta property=\"og:description\" content=\"Plomari Platinum Classico Early-Harvest Extra Virgin Olive Oil is cold-pressed within hours of picking, delivering elevated polyphenols and a vivid, grassy aroma with a mild peppery finish\" \/>\n<meta property=\"og:url\" content=\"https:\/\/shop.plomariplatinum.com\/de\/produkt\/plomari-platinum-classico-olive-oil-5l\/\" \/>\n<meta property=\"og:site_name\" content=\"PLOMARI PLATINUM STORE | BUY ONLINE HIGH POLYPHENOL EXTRA VIRGIN OLIVE OIL\" \/>\n<meta property=\"article:publisher\" content=\"https:\/\/www.facebook.com\/plomariplatinum\" \/>\n<meta property=\"article:modified_time\" content=\"2026-05-06T03:14:18+00:00\" \/>\n<meta property=\"og:image\" content=\"https:\/\/shop.plomariplatinum.com\/wp-content\/uploads\/2025\/10\/PlomariPlatinum_5L_1000x1000px.png\" \/>\n\t<meta property=\"og:image:width\" content=\"1000\" \/>\n\t<meta property=\"og:image:height\" content=\"1000\" \/>\n\t<meta property=\"og:image:type\" content=\"image\/png\" \/>\n<meta name=\"twitter:card\" content=\"summary_large_image\" \/>\n<meta name=\"twitter:label1\" content=\"Gesch\u00e4tzte Lesezeit\" \/>\n\t<meta name=\"twitter:data1\" content=\"2\u00a0Minuten\" \/>\n<script type=\"application\/ld+json\" class=\"yoast-schema-graph\">{\"@context\":\"https:\\\/\\\/schema.org\",\"@graph\":[{\"@type\":\"WebPage\",\"@id\":\"https:\\\/\\\/shop.plomariplatinum.com\\\/product\\\/plomari-platinum-classico-olive-oil-5l\\\/\",\"url\":\"https:\\\/\\\/shop.plomariplatinum.com\\\/product\\\/plomari-platinum-classico-olive-oil-5l\\\/\",\"name\":\"Plomari Platinum Classico Olive Oil 5L - PLOMARI PLATINUM STORE | BUY ONLINE HIGH POLYPHENOL EXTRA VIRGIN OLIVE OIL\",\"isPartOf\":{\"@id\":\"https:\\\/\\\/shop.plomariplatinum.com\\\/#website\"},\"primaryImageOfPage\":{\"@id\":\"https:\\\/\\\/shop.plomariplatinum.com\\\/product\\\/plomari-platinum-classico-olive-oil-5l\\\/#primaryimage\"},\"image\":{\"@id\":\"https:\\\/\\\/shop.plomariplatinum.com\\\/product\\\/plomari-platinum-classico-olive-oil-5l\\\/#primaryimage\"},\"thumbnailUrl\":\"https:\\\/\\\/shop.plomariplatinum.com\\\/wp-content\\\/uploads\\\/2025\\\/10\\\/PlomariPlatinum_5L_1000x1000px.png\",\"datePublished\":\"2025-10-12T23:06:25+00:00\",\"dateModified\":\"2026-05-06T03:14:18+00:00\",\"description\":\"Plomari Platinum Classico Early-Harvest Extra Virgin Olive Oil is cold-pressed within hours of picking, delivering elevated polyphenols and a vivid, grassy aroma with a mild peppery finish\",\"breadcrumb\":{\"@id\":\"https:\\\/\\\/shop.plomariplatinum.com\\\/product\\\/plomari-platinum-classico-olive-oil-5l\\\/#breadcrumb\"},\"inLanguage\":\"de\",\"potentialAction\":[{\"@type\":\"ReadAction\",\"target\":[\"https:\\\/\\\/shop.plomariplatinum.com\\\/product\\\/plomari-platinum-classico-olive-oil-5l\\\/\"]}]},{\"@type\":\"ImageObject\",\"inLanguage\":\"de\",\"@id\":\"https:\\\/\\\/shop.plomariplatinum.com\\\/product\\\/plomari-platinum-classico-olive-oil-5l\\\/#primaryimage\",\"url\":\"https:\\\/\\\/shop.plomariplatinum.com\\\/wp-content\\\/uploads\\\/2025\\\/10\\\/PlomariPlatinum_5L_1000x1000px.png\",\"contentUrl\":\"https:\\\/\\\/shop.plomariplatinum.com\\\/wp-content\\\/uploads\\\/2025\\\/10\\\/PlomariPlatinum_5L_1000x1000px.png\",\"width\":1000,\"height\":1000,\"caption\":\"Plomari-Platinum-Classico-Polyphenol-Extra-Virgin-Olive-Oil-Mild-Aromatic-5L-Tin\"},{\"@type\":\"BreadcrumbList\",\"@id\":\"https:\\\/\\\/shop.plomariplatinum.com\\\/product\\\/plomari-platinum-classico-olive-oil-5l\\\/#breadcrumb\",\"itemListElement\":[{\"@type\":\"ListItem\",\"position\":1,\"name\":\"Home\",\"item\":\"https:\\\/\\\/shop.plomariplatinum.com\\\/\"},{\"@type\":\"ListItem\",\"position\":2,\"name\":\"Shop\",\"item\":\"https:\\\/\\\/shop.plomariplatinum.com\\\/\"},{\"@type\":\"ListItem\",\"position\":3,\"name\":\"Plomari Platinum Classico Olive Oil 5L\"}]},{\"@type\":\"WebSite\",\"@id\":\"https:\\\/\\\/shop.plomariplatinum.com\\\/#website\",\"url\":\"https:\\\/\\\/shop.plomariplatinum.com\\\/\",\"name\":\"PLOMARI PLATINUM STORE - BUY BEST OLIVE OIL ONLINE\",\"description\":\"Shop online award-winning early harvest olive oil\",\"publisher\":{\"@id\":\"https:\\\/\\\/shop.plomariplatinum.com\\\/#organization\"},\"alternateName\":\"Plomari Platinum: finest olive oil rich in polyphenols, oleocanthal and a high culinary value - gourm\u00e9t olive oil - EVOO- Plomari, Lesvos, Greece\",\"potentialAction\":[{\"@type\":\"SearchAction\",\"target\":{\"@type\":\"EntryPoint\",\"urlTemplate\":\"https:\\\/\\\/shop.plomariplatinum.com\\\/?s={search_term_string}\"},\"query-input\":{\"@type\":\"PropertyValueSpecification\",\"valueRequired\":true,\"valueName\":\"search_term_string\"}}],\"inLanguage\":\"de\"},{\"@type\":\"Organization\",\"@id\":\"https:\\\/\\\/shop.plomariplatinum.com\\\/#organization\",\"name\":\"PLOMARI PLATINUM OLIVE OIL FAMILY PRODUCTION\",\"alternateName\":\"Synelixis AB\",\"url\":\"https:\\\/\\\/shop.plomariplatinum.com\\\/\",\"logo\":{\"@type\":\"ImageObject\",\"inLanguage\":\"de\",\"@id\":\"https:\\\/\\\/shop.plomariplatinum.com\\\/#\\\/schema\\\/logo\\\/image\\\/\",\"url\":\"https:\\\/\\\/shop.plomariplatinum.com\\\/wp-content\\\/uploads\\\/2024\\\/11\\\/Asset-1.webp\",\"contentUrl\":\"https:\\\/\\\/shop.plomariplatinum.com\\\/wp-content\\\/uploads\\\/2024\\\/11\\\/Asset-1.webp\",\"width\":365,\"height\":86,\"caption\":\"PLOMARI PLATINUM OLIVE OIL FAMILY PRODUCTION\"},\"image\":{\"@id\":\"https:\\\/\\\/shop.plomariplatinum.com\\\/#\\\/schema\\\/logo\\\/image\\\/\"},\"sameAs\":[\"https:\\\/\\\/www.facebook.com\\\/plomariplatinum\",\"https:\\\/\\\/www.instagram.com\\\/plomariplatinum\"]}]}<\/script>\n<!-- \/ Yoast SEO plugin. -->","yoast_head_json":{"title":"Plomari Platinum Classico Olive Oil 5L - PLOMARI PLATINUM STORE | BUY ONLINE HIGH POLYPHENOL EXTRA VIRGIN OLIVE OIL","description":"Plomari Platinum Classico Early-Harvest Extra Virgin Olive Oil is cold-pressed within hours of picking, delivering elevated polyphenols and a vivid, grassy aroma with a mild peppery finish","robots":{"index":"index","follow":"follow","max-snippet":"max-snippet:-1","max-image-preview":"max-image-preview:large","max-video-preview":"max-video-preview:-1"},"canonical":"https:\/\/shop.plomariplatinum.com\/de\/produkt\/plomari-platinum-classico-olive-oil-5l\/","og_locale":"de_DE","og_type":"article","og_title":"Plomari Platinum Classico Olive Oil 5L - PLOMARI PLATINUM STORE | BUY ONLINE HIGH POLYPHENOL EXTRA VIRGIN OLIVE OIL","og_description":"Plomari Platinum Classico Early-Harvest Extra Virgin Olive Oil is cold-pressed within hours of picking, delivering elevated polyphenols and a vivid, grassy aroma with a mild peppery finish","og_url":"https:\/\/shop.plomariplatinum.com\/de\/produkt\/plomari-platinum-classico-olive-oil-5l\/","og_site_name":"PLOMARI PLATINUM STORE | BUY ONLINE HIGH POLYPHENOL EXTRA VIRGIN OLIVE OIL","article_publisher":"https:\/\/www.facebook.com\/plomariplatinum","article_modified_time":"2026-05-06T03:14:18+00:00","og_image":[{"width":1000,"height":1000,"url":"https:\/\/shop.plomariplatinum.com\/wp-content\/uploads\/2025\/10\/PlomariPlatinum_5L_1000x1000px.png","type":"image\/png"}],"twitter_card":"summary_large_image","twitter_misc":{"Gesch\u00e4tzte Lesezeit":"2\u00a0Minuten"},"schema":{"@context":"https:\/\/schema.org","@graph":[{"@type":"WebPage","@id":"https:\/\/shop.plomariplatinum.com\/product\/plomari-platinum-classico-olive-oil-5l\/","url":"https:\/\/shop.plomariplatinum.com\/product\/plomari-platinum-classico-olive-oil-5l\/","name":"Plomari Platinum Classico Olive Oil 5L - PLOMARI PLATINUM STORE | BUY ONLINE HIGH POLYPHENOL EXTRA VIRGIN OLIVE OIL","isPartOf":{"@id":"https:\/\/shop.plomariplatinum.com\/#website"},"primaryImageOfPage":{"@id":"https:\/\/shop.plomariplatinum.com\/product\/plomari-platinum-classico-olive-oil-5l\/#primaryimage"},"image":{"@id":"https:\/\/shop.plomariplatinum.com\/product\/plomari-platinum-classico-olive-oil-5l\/#primaryimage"},"thumbnailUrl":"https:\/\/shop.plomariplatinum.com\/wp-content\/uploads\/2025\/10\/PlomariPlatinum_5L_1000x1000px.png","datePublished":"2025-10-12T23:06:25+00:00","dateModified":"2026-05-06T03:14:18+00:00","description":"Plomari Platinum Classico Early-Harvest Extra Virgin Olive Oil is cold-pressed within hours of picking, delivering elevated polyphenols and a vivid, grassy aroma with a mild peppery finish","breadcrumb":{"@id":"https:\/\/shop.plomariplatinum.com\/product\/plomari-platinum-classico-olive-oil-5l\/#breadcrumb"},"inLanguage":"de","potentialAction":[{"@type":"ReadAction","target":["https:\/\/shop.plomariplatinum.com\/product\/plomari-platinum-classico-olive-oil-5l\/"]}]},{"@type":"ImageObject","inLanguage":"de","@id":"https:\/\/shop.plomariplatinum.com\/product\/plomari-platinum-classico-olive-oil-5l\/#primaryimage","url":"https:\/\/shop.plomariplatinum.com\/wp-content\/uploads\/2025\/10\/PlomariPlatinum_5L_1000x1000px.png","contentUrl":"https:\/\/shop.plomariplatinum.com\/wp-content\/uploads\/2025\/10\/PlomariPlatinum_5L_1000x1000px.png","width":1000,"height":1000,"caption":"Plomari-Platinum-Classico-Polyphenol-Extra-Virgin-Olive-Oil-Mild-Aromatic-5L-Tin"},{"@type":"BreadcrumbList","@id":"https:\/\/shop.plomariplatinum.com\/product\/plomari-platinum-classico-olive-oil-5l\/#breadcrumb","itemListElement":[{"@type":"ListItem","position":1,"name":"Home","item":"https:\/\/shop.plomariplatinum.com\/"},{"@type":"ListItem","position":2,"name":"Shop","item":"https:\/\/shop.plomariplatinum.com\/"},{"@type":"ListItem","position":3,"name":"Plomari Platinum Classico Olive Oil 5L"}]},{"@type":"WebSite","@id":"https:\/\/shop.plomariplatinum.com\/#website","url":"https:\/\/shop.plomariplatinum.com\/","name":"PLOMARI PLATINUM STORE - BUY BEST OLIVE OIL ONLINE","description":"Shop online award-winning early harvest olive oil","publisher":{"@id":"https:\/\/shop.plomariplatinum.com\/#organization"},"alternateName":"Plomari Platinum: finest olive oil rich in polyphenols, oleocanthal and a high culinary value - gourm\u00e9t olive oil - EVOO- Plomari, Lesvos, Greece","potentialAction":[{"@type":"SearchAction","target":{"@type":"EntryPoint","urlTemplate":"https:\/\/shop.plomariplatinum.com\/?s={search_term_string}"},"query-input":{"@type":"PropertyValueSpecification","valueRequired":true,"valueName":"search_term_string"}}],"inLanguage":"de"},{"@type":"Organization","@id":"https:\/\/shop.plomariplatinum.com\/#organization","name":"PLOMARI PLATINUM OLIVE OIL FAMILY PRODUCTION","alternateName":"Synelixis AB","url":"https:\/\/shop.plomariplatinum.com\/","logo":{"@type":"ImageObject","inLanguage":"de","@id":"https:\/\/shop.plomariplatinum.com\/#\/schema\/logo\/image\/","url":"https:\/\/shop.plomariplatinum.com\/wp-content\/uploads\/2024\/11\/Asset-1.webp","contentUrl":"https:\/\/shop.plomariplatinum.com\/wp-content\/uploads\/2024\/11\/Asset-1.webp","width":365,"height":86,"caption":"PLOMARI PLATINUM OLIVE OIL FAMILY PRODUCTION"},"image":{"@id":"https:\/\/shop.plomariplatinum.com\/#\/schema\/logo\/image\/"},"sameAs":["https:\/\/www.facebook.com\/plomariplatinum","https:\/\/www.instagram.com\/plomariplatinum"]}]}},"uagb_featured_image_src":{"full":["https:\/\/shop.plomariplatinum.com\/wp-content\/uploads\/2025\/10\/PlomariPlatinum_5L_1000x1000px.png",1000,1000,false],"thumbnail":["https:\/\/shop.plomariplatinum.com\/wp-content\/uploads\/2025\/10\/PlomariPlatinum_5L_1000x1000px-150x150.png",150,150,true],"medium":["https:\/\/shop.plomariplatinum.com\/wp-content\/uploads\/2025\/10\/PlomariPlatinum_5L_1000x1000px-300x300.png",300,300,true],"medium_large":["https:\/\/shop.plomariplatinum.com\/wp-content\/uploads\/2025\/10\/PlomariPlatinum_5L_1000x1000px-768x768.png",768,768,true],"large":["https:\/\/shop.plomariplatinum.com\/wp-content\/uploads\/2025\/10\/PlomariPlatinum_5L_1000x1000px.png",1000,1000,false],"1536x1536":["https:\/\/shop.plomariplatinum.com\/wp-content\/uploads\/2025\/10\/PlomariPlatinum_5L_1000x1000px.png",1000,1000,false],"2048x2048":["https:\/\/shop.plomariplatinum.com\/wp-content\/uploads\/2025\/10\/PlomariPlatinum_5L_1000x1000px.png",1000,1000,false],"trp-custom-language-flag":["https:\/\/shop.plomariplatinum.com\/wp-content\/uploads\/2025\/10\/PlomariPlatinum_5L_1000x1000px-12x12.png",12,12,true],"woocommerce_thumbnail":["https:\/\/shop.plomariplatinum.com\/wp-content\/uploads\/2025\/10\/PlomariPlatinum_5L_1000x1000px-300x300.png",300,300,true],"woocommerce_single":["https:\/\/shop.plomariplatinum.com\/wp-content\/uploads\/2025\/10\/PlomariPlatinum_5L_1000x1000px-600x600.png",600,600,true],"woocommerce_gallery_thumbnail":["https:\/\/shop.plomariplatinum.com\/wp-content\/uploads\/2025\/10\/PlomariPlatinum_5L_1000x1000px-100x100.png",100,100,true]},"uagb_author_info":{"display_name":"Plomari Platinum","author_link":"https:\/\/shop.plomariplatinum.com\/de\/author\/"},"uagb_comment_info":0,"uagb_excerpt":"Plomari Platinum Classico extra virgin olive oil is cold-pressed within hours of picking, delivering elevated polyphenols and a grassy aroma with a mild peppery finish. It is a classic olive oil preferred by many people for its mild classic fruity character!","_links":{"self":[{"href":"https:\/\/shop.plomariplatinum.com\/de\/wp-json\/wp\/v2\/product\/8433","targetHints":{"allow":["GET"]}}],"collection":[{"href":"https:\/\/shop.plomariplatinum.com\/de\/wp-json\/wp\/v2\/product"}],"about":[{"href":"https:\/\/shop.plomariplatinum.com\/de\/wp-json\/wp\/v2\/types\/product"}],"wp:featuredmedia":[{"embeddable":true,"href":"https:\/\/shop.plomariplatinum.com\/de\/wp-json\/wp\/v2\/media\/8448"}],"wp:attachment":[{"href":"https:\/\/shop.plomariplatinum.com\/de\/wp-json\/wp\/v2\/media?parent=8433"}],"wp:term":[{"taxonomy":"product_brand","embeddable":true,"href":"https:\/\/shop.plomariplatinum.com\/de\/wp-json\/wp\/v2\/product_brand?post=8433"},{"taxonomy":"product_cat","embeddable":true,"href":"https:\/\/shop.plomariplatinum.com\/de\/wp-json\/wp\/v2\/product_cat?post=8433"},{"taxonomy":"product_tag","embeddable":true,"href":"https:\/\/shop.plomariplatinum.com\/de\/wp-json\/wp\/v2\/product_tag?post=8433"}],"curies":[{"name":"wp","href":"https:\/\/api.w.org\/{rel}","templated":true}]}}