{"id":8847,"date":"2026-02-13T01:11:25","date_gmt":"2026-02-12T23:11:25","guid":{"rendered":"https:\/\/shop.plomariplatinum.com\/?page_id=8847"},"modified":"2026-02-13T01:12:47","modified_gmt":"2026-02-12T23:12:47","slug":"privacy-policy","status":"publish","type":"page","link":"https:\/\/shop.plomariplatinum.com\/de\/privacy-policy\/","title":{"rendered":"Datenschutzbestimmungen"},"content":{"rendered":"<h2>Datenschutzbestimmungen<\/h2>\n<p><strong>Datum des Inkrafttretens:<\/strong> 12. Februar 2026<\/p>\n<p>Diese Datenschutzerkl\u00e4rung erkl\u00e4rt, wie <strong>Synelixis AB<\/strong> \u201cwir\u201d sammeln und verwenden personenbezogene Daten, wenn Sie unsere Website besuchen oder dort einkaufen <strong>www.plomariplatinum.com<\/strong> und <strong>shop.plomariplatinum.com<\/strong>, oder wenn Sie uns kontaktieren.<\/p>\n\n<h3>1. Verantwortlicher f\u00fcr die Datenverarbeitung<\/h3>\n<ul>\n  <li><strong>Unternehmen:<\/strong> Synelixis AB<\/li>\n  <li><strong>MwSt.<\/strong> SE559120271701<\/li>\n  <li><strong>Adresse:<\/strong> \u00d6sterv\u00e4gen 25B, 16955 Solna, Schweden<\/li>\n  <li><strong>E-Mail:<\/strong> info@plomariplatinum.com<\/li>\n  <li><strong>Telefon:<\/strong> +46722080998<\/li>\n<\/ul>\n\n<h3>2. Personenbezogene Daten, die wir sammeln<\/h3>\n<p>Abh\u00e4ngig davon, wie Sie mit uns interagieren, k\u00f6nnen wir Folgendes erheben:<\/p>\n<ul>\n  <li><strong>Identit\u00e4ts- und Kontaktdaten:<\/strong> Name, E-Mail, Telefon, Rechnungs-\/Lieferadresse.<\/li>\n  <li><strong>Bestelldaten:<\/strong> Gekaufte Produkte, Bestellhistorie, Lieferdetails.<\/li>\n  <li><strong>Zahlungsdaten:<\/strong> Zahlungsstatus und Transaktionskennungen. (Wir speichern keine vollst\u00e4ndigen Kartendetails.)<\/li>\n  <li><strong>Kontodaten:<\/strong> wenn Sie ein Konto erstellen (Anmeldung + gespeicherte Adressen).<\/li>\n  <li><strong>Kundensupport-Kommunikation<\/strong> Nachrichten, die Sie senden, und unsere Antworten.<\/li>\n  <li><strong>Marketing Pr\u00e4ferenzen:<\/strong> Abonnementstatus, Einwilligungslogs, Abmeldungen.<\/li>\n  <li><strong>Verwendung\/technische Daten:<\/strong> Ger\u00e4te-\/Browserdaten, IP-Adresse, aufgerufene Seiten (typischerweise \u00fcber Cookies\/Identifikatoren, abh\u00e4ngig von der Zustimmung).<\/li>\n  <li><strong>Cookie-Zustimmungsoptionen:<\/strong> um Ihre Einstellungen zu speichern.<\/li>\n<\/ul>\n\n<h3>3. Zwecke und Rechtsgrundlagen (DSGVO)<\/h3>\n<ul>\n  <li><strong>Zur Bearbeitung und Auslieferung Ihrer Bestellung<\/strong> (Vertrag).<\/li>\n  <li><strong>Zur Abwicklung von Zahlungen und zur Betrugspr\u00e4vention<\/strong> (Vertrag, rechtliche Verpflichtungen, berechtigte Interessen).<\/li>\n  <li><strong>Zur Kundenbetreuung<\/strong> (Vertrag und\/oder berechtigte Interessen).<\/li>\n  <li><strong>Um Servicemeldungen zu senden<\/strong> (Vertragsbestandteile; z. B. Quittungen und Versandbenachrichtigungen).<\/li>\n  <li><strong>Marketingkommunikation<\/strong> (Einwilligung; Sie k\u00f6nnen Ihre Einwilligung jederzeit widerrufen).<\/li>\n  <li><strong>Analytik und Website-Verbesserung (GA4)<\/strong> (Einwilligung zu Analyse-Cookies, wo erforderlich).<\/li>\n  <li><strong>Buchhaltung\/Steuerkonformit\u00e4t<\/strong> (rechtliche Verpflichtung).<\/li>\n<\/ul>\n\n<h3>4. Datennutzung<\/h3>\n<p>Wir teilen personenbezogene Daten nur, wenn es notwendig ist, unter anderem mit:<\/p>\n<ul>\n  <li><strong>Mollie Payments<\/strong> (Zahlungsabwicklung und damit verbundene Compliance).<\/li>\n  <li><strong>Klaviyo<\/strong> (E-Mail-Marketing\/Mitteilungen, wenn Sie abonnieren oder wie konfiguriert).<\/li>\n  <li><strong>Google Analytics 4 (GA4)<\/strong> (Analysen, vorbehaltlich Ihrer Zustimmungsentscheidungen).<\/li>\n  <li><strong>Versanddienstleister\/Logistikdienstleister<\/strong> (Lieferung und Sendungsverfolgung).<\/li>\n  <li><strong>Hosting-\/IT-\/Sicherheitsanbieter<\/strong> (zum Ausf\u00fchren und Sichern der Website).<\/li>\n  <li><strong>Berater und Beh\u00f6rden<\/strong> (Buchhalter\/Wirtschaftspr\u00fcfer oder falls gesetzlich vorgeschrieben).<\/li>\n<\/ul>\n\n<h3>5. Internationale \u00dcberweisungen<\/h3>\n<p>Einige Anbieter verarbeiten Daten m\u00f6glicherweise au\u00dferhalb der EU\/EWR (einschlie\u00dflich der Vereinigten Staaten). Wo dies erforderlich ist, verwenden wir geeignete Garantien (z. B. EU-U.S. Data Privacy Framework, wo anwendbar, und\/oder Standardvertragsklauseln nebst erg\u00e4nzenden Ma\u00dfnahmen). Weitere Details k\u00f6nnen Sie bei uns erfragen.<\/p>\n\n<h3>6. Bindung<\/h3>\n<ul>\n  <li><strong>Bestell-\/Rechnungs-\/Buchhaltungsunterlagen:<\/strong> in der Regel bis zu 7 Jahre (Aufbewahrungspflichten).<\/li>\n  <li><strong>Kundendienst<\/strong> typischerweise bis zu 3 Jahre nach letztem Kontakt (l\u00e4nger bei Streitigkeiten).<\/li>\n  <li><strong>Marketing<\/strong> bis Sie sich abmelden\/Ihre Zustimmung widerrufen.<\/li>\n  <li><strong>Analytik\/Cookies:<\/strong> gem\u00e4\u00df Ihren Zustimmungspr\u00e4ferenzen und Cookie-Einstellungen.<\/li>\n<\/ul>\n\n<h3>7. Ihre Rechte<\/h3>\n<p>Sie haben m\u00f6glicherweise das Recht auf Auskunft, Berichtigung, L\u00f6schung, Einschr\u00e4nkung, Widerspruch und \u00dcbertragbarkeit Ihrer personenbezogenen Daten sowie das Recht, Ihre Einwilligung jederzeit zu widerrufen. Um Ihre Rechte auszu\u00fcben, wenden Sie sich an <strong>info@plomariplatinum.com<\/strong>.<\/p>\n\n<h3>8. Beschwerden (IMY)<\/h3>\n<p>Wenn Sie der Meinung sind, dass wir Ihre personenbezogenen Daten falsch verarbeitet haben, k\u00f6nnen Sie sich an uns wenden. Sie haben auch das Recht, sich bei der schwedischen Datenschutzbeh\u00f6rde (IMY) zu beschweren: <a href=\"https:\/\/www.imy.se\/en\/complaint\" target=\"_blank\" rel=\"noopener\">https:\/\/www.imy.se\/en\/complaint<\/a><\/p>\n\n<h3>9. \u00c4nderungen<\/h3>\n<p>Wir k\u00f6nnen diese Richtlinie von Zeit zu Zeit aktualisieren. Das obige G\u00fcltigkeitsdatum zeigt an, wann sie zuletzt aktualisiert wurde.<\/p>","protected":false},"excerpt":{"rendered":"<p>Privacy Policy Effective date: 12 February 2026 This Privacy Policy explains how Synelixis AB (\u201cwe\u201d, \u201cus\u201d) collects and uses personal data when you visit or shop at www.plomariplatinum.com and shop.plomariplatinum.com, or when you contact us. 1. Data Controller Company: Synelixis AB VAT: SE559120271701 Address: \u00d6sterv\u00e4gen 25B, 16955 Solna, Sweden Email: info@plomariplatinum.com Telephone: +46722080998 2. Personal [&hellip;]<\/p>\n","protected":false},"author":2,"featured_media":0,"parent":0,"menu_order":0,"comment_status":"closed","ping_status":"closed","template":"","meta":{"_uag_custom_page_level_css":"","site-sidebar-layout":"default","site-content-layout":"","ast-site-content-layout":"default","site-content-style":"default","site-sidebar-style":"default","ast-global-header-display":"","ast-banner-title-visibility":"","ast-main-header-display":"","ast-hfb-above-header-display":"","ast-hfb-below-header-display":"","ast-hfb-mobile-header-display":"","site-post-title":"","ast-breadcrumbs-content":"","ast-featured-img":"","footer-sml-layout":"","ast-disable-related-posts":"","theme-transparent-header-meta":"","adv-header-id-meta":"","stick-header-meta":"","header-above-stick-meta":"","header-main-stick-meta":"","header-below-stick-meta":"","astra-migrate-meta-layouts":"set","ast-page-background-enabled":"default","ast-page-background-meta":{"desktop":{"background-color":"","background-image":"","background-repeat":"repeat","background-position":"center center","background-size":"auto","background-attachment":"scroll","background-type":"","background-media":"","overlay-type":"","overlay-color":"","overlay-opacity":"","overlay-gradient":""},"tablet":{"background-color":"","background-image":"","background-repeat":"repeat","background-position":"center center","background-size":"auto","background-attachment":"scroll","background-type":"","background-media":"","overlay-type":"","overlay-color":"","overlay-opacity":"","overlay-gradient":""},"mobile":{"background-color":"","background-image":"","background-repeat":"repeat","background-position":"center center","background-size":"auto","background-attachment":"scroll","background-type":"","background-media":"","overlay-type":"","overlay-color":"","overlay-opacity":"","overlay-gradient":""}},"ast-content-background-meta":{"desktop":{"background-color":"var(--ast-global-color-5)","background-image":"","background-repeat":"repeat","background-position":"center center","background-size":"auto","background-attachment":"scroll","background-type":"","background-media":"","overlay-type":"","overlay-color":"","overlay-opacity":"","overlay-gradient":""},"tablet":{"background-color":"var(--ast-global-color-5)","background-image":"","background-repeat":"repeat","background-position":"center center","background-size":"auto","background-attachment":"scroll","background-type":"","background-media":"","overlay-type":"","overlay-color":"","overlay-opacity":"","overlay-gradient":""},"mobile":{"background-color":"var(--ast-global-color-5)","background-image":"","background-repeat":"repeat","background-position":"center center","background-size":"auto","background-attachment":"scroll","background-type":"","background-media":"","overlay-type":"","overlay-color":"","overlay-opacity":"","overlay-gradient":""}},"footnotes":""},"class_list":["post-8847","page","type-page","status-publish","hentry"],"yoast_head":"<!-- This site is optimized with the Yoast SEO plugin v27.6 - https:\/\/yoast.com\/product\/yoast-seo-wordpress\/ -->\n<title>Privacy Policy - PLOMARI PLATINUM STORE | BUY ONLINE HIGH POLYPHENOL EXTRA VIRGIN OLIVE OIL<\/title>\n<meta name=\"description\" content=\"Privacy Policy PLOMARI PLATINUM STORE | BUY ONLINE HIGH POLYPHENOL EXTRA VIRGIN OLIVE OIL\" \/>\n<meta name=\"robots\" content=\"index, follow, max-snippet:-1, max-image-preview:large, max-video-preview:-1\" \/>\n<link rel=\"canonical\" href=\"https:\/\/shop.plomariplatinum.com\/de\/privacy-policy\/\" \/>\n<meta property=\"og:locale\" content=\"de_DE\" \/>\n<meta property=\"og:type\" content=\"article\" \/>\n<meta property=\"og:title\" content=\"Privacy Policy - PLOMARI PLATINUM STORE | BUY ONLINE HIGH POLYPHENOL EXTRA VIRGIN OLIVE OIL\" \/>\n<meta property=\"og:description\" content=\"Privacy Policy PLOMARI PLATINUM STORE | BUY ONLINE HIGH POLYPHENOL EXTRA VIRGIN OLIVE OIL\" \/>\n<meta property=\"og:url\" content=\"https:\/\/shop.plomariplatinum.com\/de\/privacy-policy\/\" \/>\n<meta property=\"og:site_name\" content=\"PLOMARI PLATINUM STORE | BUY ONLINE HIGH POLYPHENOL EXTRA VIRGIN OLIVE OIL\" \/>\n<meta property=\"article:publisher\" content=\"https:\/\/www.facebook.com\/plomariplatinum\" \/>\n<meta property=\"article:modified_time\" content=\"2026-02-12T23:12:47+00:00\" \/>\n<meta property=\"og:image\" content=\"https:\/\/shop.plomariplatinum.com\/wp-content\/uploads\/2025\/02\/Plomari-Platinum-early-harvest-in-olive-groves-scaled-e1738774340158.webp\" \/>\n\t<meta property=\"og:image:width\" content=\"1718\" \/>\n\t<meta property=\"og:image:height\" content=\"1168\" \/>\n\t<meta property=\"og:image:type\" content=\"image\/webp\" \/>\n<meta name=\"twitter:card\" content=\"summary_large_image\" \/>\n<meta name=\"twitter:label1\" content=\"Gesch\u00e4tzte Lesezeit\" \/>\n\t<meta name=\"twitter:data1\" content=\"2\u00a0Minuten\" \/>\n<script type=\"application\/ld+json\" class=\"yoast-schema-graph\">{\"@context\":\"https:\\\/\\\/schema.org\",\"@graph\":[{\"@type\":\"WebPage\",\"@id\":\"https:\\\/\\\/shop.plomariplatinum.com\\\/privacy-policy\\\/\",\"url\":\"https:\\\/\\\/shop.plomariplatinum.com\\\/privacy-policy\\\/\",\"name\":\"Privacy Policy - PLOMARI PLATINUM STORE | BUY ONLINE HIGH POLYPHENOL EXTRA VIRGIN OLIVE OIL\",\"isPartOf\":{\"@id\":\"https:\\\/\\\/shop.plomariplatinum.com\\\/#website\"},\"datePublished\":\"2026-02-12T23:11:25+00:00\",\"dateModified\":\"2026-02-12T23:12:47+00:00\",\"description\":\"Privacy Policy PLOMARI PLATINUM STORE | BUY ONLINE HIGH POLYPHENOL EXTRA VIRGIN OLIVE OIL\",\"breadcrumb\":{\"@id\":\"https:\\\/\\\/shop.plomariplatinum.com\\\/privacy-policy\\\/#breadcrumb\"},\"inLanguage\":\"de\",\"potentialAction\":[{\"@type\":\"ReadAction\",\"target\":[\"https:\\\/\\\/shop.plomariplatinum.com\\\/privacy-policy\\\/\"]}]},{\"@type\":\"BreadcrumbList\",\"@id\":\"https:\\\/\\\/shop.plomariplatinum.com\\\/privacy-policy\\\/#breadcrumb\",\"itemListElement\":[{\"@type\":\"ListItem\",\"position\":1,\"name\":\"Home\",\"item\":\"https:\\\/\\\/shop.plomariplatinum.com\\\/\"},{\"@type\":\"ListItem\",\"position\":2,\"name\":\"Privacy Policy\"}]},{\"@type\":\"WebSite\",\"@id\":\"https:\\\/\\\/shop.plomariplatinum.com\\\/#website\",\"url\":\"https:\\\/\\\/shop.plomariplatinum.com\\\/\",\"name\":\"PLOMARI PLATINUM STORE - BUY BEST OLIVE OIL ONLINE\",\"description\":\"Shop online award-winning early harvest olive oil\",\"publisher\":{\"@id\":\"https:\\\/\\\/shop.plomariplatinum.com\\\/#organization\"},\"alternateName\":\"Plomari Platinum: finest olive oil rich in polyphenols, oleocanthal and a high culinary value - gourm\u00e9t olive oil - EVOO- Plomari, Lesvos, Greece\",\"potentialAction\":[{\"@type\":\"SearchAction\",\"target\":{\"@type\":\"EntryPoint\",\"urlTemplate\":\"https:\\\/\\\/shop.plomariplatinum.com\\\/?s={search_term_string}\"},\"query-input\":{\"@type\":\"PropertyValueSpecification\",\"valueRequired\":true,\"valueName\":\"search_term_string\"}}],\"inLanguage\":\"de\"},{\"@type\":\"Organization\",\"@id\":\"https:\\\/\\\/shop.plomariplatinum.com\\\/#organization\",\"name\":\"PLOMARI PLATINUM OLIVE OIL FAMILY PRODUCTION\",\"alternateName\":\"Synelixis AB\",\"url\":\"https:\\\/\\\/shop.plomariplatinum.com\\\/\",\"logo\":{\"@type\":\"ImageObject\",\"inLanguage\":\"de\",\"@id\":\"https:\\\/\\\/shop.plomariplatinum.com\\\/#\\\/schema\\\/logo\\\/image\\\/\",\"url\":\"https:\\\/\\\/shop.plomariplatinum.com\\\/wp-content\\\/uploads\\\/2024\\\/11\\\/Asset-1.webp\",\"contentUrl\":\"https:\\\/\\\/shop.plomariplatinum.com\\\/wp-content\\\/uploads\\\/2024\\\/11\\\/Asset-1.webp\",\"width\":365,\"height\":86,\"caption\":\"PLOMARI PLATINUM OLIVE OIL FAMILY PRODUCTION\"},\"image\":{\"@id\":\"https:\\\/\\\/shop.plomariplatinum.com\\\/#\\\/schema\\\/logo\\\/image\\\/\"},\"sameAs\":[\"https:\\\/\\\/www.facebook.com\\\/plomariplatinum\",\"https:\\\/\\\/www.instagram.com\\\/plomariplatinum\"]}]}<\/script>\n<!-- \/ Yoast SEO plugin. -->","yoast_head_json":{"title":"Privacy Policy - PLOMARI PLATINUM STORE | BUY ONLINE HIGH POLYPHENOL EXTRA VIRGIN OLIVE OIL","description":"Privacy Policy PLOMARI PLATINUM STORE | BUY ONLINE HIGH POLYPHENOL EXTRA VIRGIN OLIVE OIL","robots":{"index":"index","follow":"follow","max-snippet":"max-snippet:-1","max-image-preview":"max-image-preview:large","max-video-preview":"max-video-preview:-1"},"canonical":"https:\/\/shop.plomariplatinum.com\/de\/privacy-policy\/","og_locale":"de_DE","og_type":"article","og_title":"Privacy Policy - PLOMARI PLATINUM STORE | BUY ONLINE HIGH POLYPHENOL EXTRA VIRGIN OLIVE OIL","og_description":"Privacy Policy PLOMARI PLATINUM STORE | BUY ONLINE HIGH POLYPHENOL EXTRA VIRGIN OLIVE OIL","og_url":"https:\/\/shop.plomariplatinum.com\/de\/privacy-policy\/","og_site_name":"PLOMARI PLATINUM STORE | BUY ONLINE HIGH POLYPHENOL EXTRA VIRGIN OLIVE OIL","article_publisher":"https:\/\/www.facebook.com\/plomariplatinum","article_modified_time":"2026-02-12T23:12:47+00:00","og_image":[{"width":1718,"height":1168,"url":"https:\/\/shop.plomariplatinum.com\/wp-content\/uploads\/2025\/02\/Plomari-Platinum-early-harvest-in-olive-groves-scaled-e1738774340158.webp","type":"image\/webp"}],"twitter_card":"summary_large_image","twitter_misc":{"Gesch\u00e4tzte Lesezeit":"2\u00a0Minuten"},"schema":{"@context":"https:\/\/schema.org","@graph":[{"@type":"WebPage","@id":"https:\/\/shop.plomariplatinum.com\/privacy-policy\/","url":"https:\/\/shop.plomariplatinum.com\/privacy-policy\/","name":"Privacy Policy - PLOMARI PLATINUM STORE | BUY ONLINE HIGH POLYPHENOL EXTRA VIRGIN OLIVE OIL","isPartOf":{"@id":"https:\/\/shop.plomariplatinum.com\/#website"},"datePublished":"2026-02-12T23:11:25+00:00","dateModified":"2026-02-12T23:12:47+00:00","description":"Privacy Policy PLOMARI PLATINUM STORE | BUY ONLINE HIGH POLYPHENOL EXTRA VIRGIN OLIVE OIL","breadcrumb":{"@id":"https:\/\/shop.plomariplatinum.com\/privacy-policy\/#breadcrumb"},"inLanguage":"de","potentialAction":[{"@type":"ReadAction","target":["https:\/\/shop.plomariplatinum.com\/privacy-policy\/"]}]},{"@type":"BreadcrumbList","@id":"https:\/\/shop.plomariplatinum.com\/privacy-policy\/#breadcrumb","itemListElement":[{"@type":"ListItem","position":1,"name":"Home","item":"https:\/\/shop.plomariplatinum.com\/"},{"@type":"ListItem","position":2,"name":"Privacy Policy"}]},{"@type":"WebSite","@id":"https:\/\/shop.plomariplatinum.com\/#website","url":"https:\/\/shop.plomariplatinum.com\/","name":"PLOMARI PLATINUM STORE - BUY BEST OLIVE OIL ONLINE","description":"Shop online award-winning early harvest olive oil","publisher":{"@id":"https:\/\/shop.plomariplatinum.com\/#organization"},"alternateName":"Plomari Platinum: finest olive oil rich in polyphenols, oleocanthal and a high culinary value - gourm\u00e9t olive oil - EVOO- Plomari, Lesvos, Greece","potentialAction":[{"@type":"SearchAction","target":{"@type":"EntryPoint","urlTemplate":"https:\/\/shop.plomariplatinum.com\/?s={search_term_string}"},"query-input":{"@type":"PropertyValueSpecification","valueRequired":true,"valueName":"search_term_string"}}],"inLanguage":"de"},{"@type":"Organization","@id":"https:\/\/shop.plomariplatinum.com\/#organization","name":"PLOMARI PLATINUM OLIVE OIL FAMILY PRODUCTION","alternateName":"Synelixis AB","url":"https:\/\/shop.plomariplatinum.com\/","logo":{"@type":"ImageObject","inLanguage":"de","@id":"https:\/\/shop.plomariplatinum.com\/#\/schema\/logo\/image\/","url":"https:\/\/shop.plomariplatinum.com\/wp-content\/uploads\/2024\/11\/Asset-1.webp","contentUrl":"https:\/\/shop.plomariplatinum.com\/wp-content\/uploads\/2024\/11\/Asset-1.webp","width":365,"height":86,"caption":"PLOMARI PLATINUM OLIVE OIL FAMILY PRODUCTION"},"image":{"@id":"https:\/\/shop.plomariplatinum.com\/#\/schema\/logo\/image\/"},"sameAs":["https:\/\/www.facebook.com\/plomariplatinum","https:\/\/www.instagram.com\/plomariplatinum"]}]}},"uagb_featured_image_src":{"full":false,"thumbnail":false,"medium":false,"medium_large":false,"large":false,"1536x1536":false,"2048x2048":false,"trp-custom-language-flag":false,"woocommerce_thumbnail":false,"woocommerce_single":false,"woocommerce_gallery_thumbnail":false},"uagb_author_info":{"display_name":"Plomari Platinum","author_link":"https:\/\/shop.plomariplatinum.com\/de\/author\/akis\/"},"uagb_comment_info":0,"uagb_excerpt":"Privacy Policy Effective date: 12 February 2026 This Privacy Policy explains how Synelixis AB (\u201cwe\u201d, \u201cus\u201d) collects and uses personal data when you visit or shop at www.plomariplatinum.com and shop.plomariplatinum.com, or when you contact us. 1. Data Controller Company: Synelixis AB VAT: SE559120271701 Address: \u00d6sterv\u00e4gen 25B, 16955 Solna, Sweden Email: info@plomariplatinum.com Telephone: +46722080998 2. Personal&hellip;","_links":{"self":[{"href":"https:\/\/shop.plomariplatinum.com\/de\/wp-json\/wp\/v2\/pages\/8847","targetHints":{"allow":["GET"]}}],"collection":[{"href":"https:\/\/shop.plomariplatinum.com\/de\/wp-json\/wp\/v2\/pages"}],"about":[{"href":"https:\/\/shop.plomariplatinum.com\/de\/wp-json\/wp\/v2\/types\/page"}],"author":[{"embeddable":true,"href":"https:\/\/shop.plomariplatinum.com\/de\/wp-json\/wp\/v2\/users\/2"}],"replies":[{"embeddable":true,"href":"https:\/\/shop.plomariplatinum.com\/de\/wp-json\/wp\/v2\/comments?post=8847"}],"version-history":[{"count":2,"href":"https:\/\/shop.plomariplatinum.com\/de\/wp-json\/wp\/v2\/pages\/8847\/revisions"}],"predecessor-version":[{"id":8850,"href":"https:\/\/shop.plomariplatinum.com\/de\/wp-json\/wp\/v2\/pages\/8847\/revisions\/8850"}],"wp:attachment":[{"href":"https:\/\/shop.plomariplatinum.com\/de\/wp-json\/wp\/v2\/media?parent=8847"}],"curies":[{"name":"wp","href":"https:\/\/api.w.org\/{rel}","templated":true}]}}